{"id":12012,"date":"2021-11-24T07:36:19","date_gmt":"2021-11-24T07:36:19","guid":{"rendered":"https:\/\/www.saiebologna.it\/?page_id=12012"},"modified":"2022-08-24T09:57:29","modified_gmt":"2022-08-24T09:57:29","slug":"macchine","status":"publish","type":"page","link":"https:\/\/www.saiebologna.it\/it\/macchine\/","title":{"rendered":"SAIE Macchine"},"content":{"rendered":"[vc_row equal_height=&#8221;yes&#8221; el_class=&#8221;my-1&#8243;][vc_column][vc_row_inner equal_height=&#8221;yes&#8221; content_placement=&#8221;top&#8221;][vc_column_inner el_class=&#8221;px-lg-5&#8243; width=&#8221;2\/3&#8243;][vc_column_text]\n<h2><strong>Digitalizzazione, sostenibilit\u00e0, innovazione<\/strong><\/h2>\n[\/vc_column_text][vc_column_text]<strong>SAIE Macchine<\/strong> \u00e8 l\u2019iniziativa speciale di SAIE pensata per valorizzare le innovazioni all&#8217;interno del cantiere: dagli strumenti di controllo e monitoraggio, alle tecnologie smart, ai nuovi mezzi ibridi o elettrici.<\/p>\n<p>Pone l\u2019accento sui <strong>produttori di macchinari, attrezzature e tecnologie<\/strong>: da quelle dedicate al sollevamento a quelle relative al movimento terra, dalla demolizione alla perforazione che, grazie alle moderne proposte digitali, favoriscono il dialogo\u00a0<strong>uomo-macchina <\/strong>agevolando il lavoro quotidiano dei professionisti dell\u2019edilizia e rendendolo pi\u00f9 performante.<\/p>\n<p>Durante SAIE, tutto ci\u00f2 sar\u00e0 tradotto in un\u2019area espositiva che metter\u00e0 in mostra le pi\u00f9 recenti novit\u00e0 di prodotto e in momenti di formazione verticale sui temi pi\u00f9 attuali del comparto: <strong>digitalizzazione, sostenibilit\u00e0, cantiere intelligente<\/strong>.[\/vc_column_text][vc_column_text]<a class=\"btn btn-lg btn-primary\" href=\"\/it\/contatti\/\">Richiedi informazioni<\/a> <a class=\"btn btn-lg btn-primary my-0\" href=\"\/it\/accredito\/\">Scarica biglietto omaggio<\/a>[\/vc_column_text][\/vc_column_inner][vc_column_inner el_class=&#8221;p-1 p-sm-3 p-lg-4 bg-darker&#8221; width=&#8221;1\/3&#8243; offset=&#8221;vc_hidden-xs&#8221;][vc_wp_custommenu nav_menu=&#8221;13&#8243;][\/vc_column_inner][\/vc_row_inner][\/vc_column][\/vc_row][vc_row equal_height=&#8221;yes&#8221; content_placement=&#8221;middle&#8221; el_class=&#8221;my-1 bg-gray&#8221;][vc_column][vc_row_inner equal_height=&#8221;yes&#8221; content_placement=&#8221;top&#8221;][vc_column_inner el_class=&#8221;col-img&#8221; width=&#8221;1\/3&#8243; css=&#8221;.vc_custom_1642159182092{background-image: url(\/public\/uploads\/sites\/9\/Digitalizzazione-4.jpg?id=12458) !important;background-position: center !important;background-repeat: no-repeat !important;background-size: cover !important;}&#8221;][\/vc_column_inner][vc_column_inner el_class=&#8221;py-lg-2 px-lg-5&#8243; width=&#8221;2\/3&#8243;][vc_column_text]\n<h3>Per i nostri espositori di SAIE Macchine, realizzeremo un focus speciale per aumentare la visibilit\u00e0 in fiera:<\/h3>\n<ul>\n<li><span style=\"color: #ff6600\"><span style=\"color: #ff6600\"><span style=\"color: #ff6600\"><strong><span style=\"color: #5c9c31\">AREA INTERNA MACCHINE<br \/>\n<\/span><\/strong><\/span><\/span><\/span><\/li>\n<\/ul>\n<p>Macchine edili e attrezzature per il cantiere saranno in esposizione, in modo da consentire ai visitatori di toccare con mano l\u2019<strong>integrazione<\/strong> tra la parte hardware del comparto e le annesse evoluzioni digitali<\/p>\n<p>SAIE Macchine dar\u00e0 ampio risalto anche al tema <strong>sicurezza<\/strong> che rimane fondamentale per questo ambito, sottolineando come i processi di ammodernamento e <strong>digitalizzazione<\/strong> di un settore si riflettono efficacemente anche sugli standard di tutela dagli infortuni sul lavoro.<\/p>\n<ul>\n<li><span style=\"color: #ff6600\"><span style=\"color: #ff6600\"><strong><span style=\"color: #5c9c31\">AREA DEMO CANTIERE DIGITALE E SOSTENIBILE<\/span><\/strong><\/span><\/span><\/li>\n<\/ul>\n<p>Dedicata all\u2019esposizione delle soluzioni tecnologiche che massimizzano la gestione, l\u2019operativit\u00e0 e l&#8217;ecosostenibilit\u00e0 del cantiere grazie all\u2019impiego di <strong>strumenti digitali<\/strong> e <strong>tecnologie smart.<\/strong><\/p>\n<p>Articolata in:<\/p>\n<ul>\n<li>Test e prove multimediali e interattive<\/li>\n<li>Aggiornamenti tecnico\/normativi sulle tecniche pi\u00f9 performanti di digitalizzazione dei cantieri<\/li>\n<li>Coinvolgimento attivo delle scuole edili e degli stakeholder del comparto<\/li>\n<\/ul>\n[\/vc_column_text][vc_column_text]<a class=\"btn btn-lg btn-primary\" href=\"\/it\/contatti\/\">Richiedi informazioni<\/a> <a class=\"btn btn-lg btn-primary my-0\" href=\"\/it\/accredito\/\">Scarica biglietto omaggio<\/a>[\/vc_column_text][\/vc_column_inner][\/vc_row_inner][\/vc_column][\/vc_row][vc_row el_class=&#8221;my-1&#8243;][vc_column][vc_row_inner equal_height=&#8221;yes&#8221; content_placement=&#8221;top&#8221;][vc_column_inner el_class=&#8221;py-lg-2 px-lg-5&#8243; width=&#8221;2\/3&#8243;][vc_column_text]\n<h3>Prodotti in esposizione:<\/h3>\n<p>Macchine per il sollevamento \/ Macchine Movimento terra \/ Gru, Mini Gru, Gru telescopiche \/ Macchine per demolizione \/ Macchinari per perforazione \/ Veicoli off road cava cantiere[\/vc_column_text][vc_separator][vc_column_text]\n<h3>Tecnologie in esposizione:<\/h3>\n<p>Tecnologie di controllo in cantiere \/ Connettivit\u00e0 \/ Manutenzione predittiva \/ Monitoraggio percorsi\/ Gestione flotte \/ Sistemi elettrici e ibridi[\/vc_column_text][vc_separator][vc_column_text]\n<h3>Tipologia visitatori coinvolti:<\/h3>\n<p>Imprese edili \/ Noleggiatori \/Distributori \/ Operatori di macchine \/ Committenti \/ Direttori Lavori \/ Geometri \/ Tecnici specializzati \/ Ingegneri \/ Officine \/ Pubbliche Amministrazioni[\/vc_column_text][vc_separator][vc_column_text]\n<h3>Tematiche:<\/h3>\n<p>Propulsioni alternative e macchine green \/ Soluzioni digitali e smart per il cantiere \/ Demolizione e riciclaggio \/ Ecosostenibilit\u00e0 del cantiere \/Efficienza \/Sicurezza[\/vc_column_text][vc_column_text]<a class=\"btn btn-lg btn-primary\" href=\"\/it\/contatti\/\">Richiedi informazioni<\/a> <a class=\"btn btn-lg btn-primary my-0\" href=\"\/it\/accredito\/\">Scarica biglietto omaggio<\/a>[\/vc_column_text][\/vc_column_inner][vc_column_inner el_class=&#8221;col-img&#8221; width=&#8221;1\/3&#8243; css=&#8221;.vc_custom_1642160911269{background-image: url(\/public\/uploads\/sites\/9\/Macchine2.jpg?id=12467) !important;background-position: center !important;background-repeat: no-repeat !important;background-size: cover !important;}&#8221;][\/vc_column_inner][\/vc_row_inner][\/vc_column][\/vc_row][vc_row el_class=&#8221;my-1&#8243;][vc_column][vc_row_inner][vc_column_inner el_class=&#8221;py-lg-2 px-lg-5&#8243;][vc_separator color=&#8221;orange&#8221;][vc_column_text]\n<p style=\"text-align: right\"><em>Media Partner<\/em><\/p>\n<p><img decoding=\"async\" loading=\"lazy\" class=\"wp-image-4945 alignright\" src=\"\/public\/uploads\/sites\/13\/riviste_macchine.png\" alt=\"\" width=\"244\" height=\"197\" \/>[\/vc_column_text][\/vc_column_inner][\/vc_row_inner][\/vc_column][\/vc_row]\n","protected":false},"excerpt":{"rendered":"<p>[vc_row equal_height=&#8221;yes&#8221; el_class=&#8221;my-1&#8243;][vc_column][vc_row_inner equal_height=&#8221;yes&#8221; content_placement=&#8221;top&#8221;][vc_column_inner el_class=&#8221;px-lg-5&#8243; width=&#8221;2\/3&#8243;][vc_column_text] Digitalizzazione, sostenibilit\u00e0, innovazione [\/vc_column_text][vc_column_text]SAIE Macchine \u00e8 l\u2019iniziativa speciale di SAIE pensata per valorizzare le innovazioni all&#8217;interno del cantiere: dagli strumenti di controllo e monitoraggio, alle tecnologie smart, ai nuovi mezzi ibridi o elettrici. Pone l\u2019accento sui produttori di macchinari, attrezzature e tecnologie: da quelle dedicate al sollevamento a [&hellip;]<\/p>\n","protected":false},"author":12,"featured_media":12014,"parent":0,"menu_order":0,"comment_status":"closed","ping_status":"closed","template":"","meta":[],"acf":[],"aioseo_notices":[],"_links":{"self":[{"href":"https:\/\/www.saiebologna.it\/it\/wp-json\/wp\/v2\/pages\/12012"}],"collection":[{"href":"https:\/\/www.saiebologna.it\/it\/wp-json\/wp\/v2\/pages"}],"about":[{"href":"https:\/\/www.saiebologna.it\/it\/wp-json\/wp\/v2\/types\/page"}],"author":[{"embeddable":true,"href":"https:\/\/www.saiebologna.it\/it\/wp-json\/wp\/v2\/users\/12"}],"replies":[{"embeddable":true,"href":"https:\/\/www.saiebologna.it\/it\/wp-json\/wp\/v2\/comments?post=12012"}],"version-history":[{"count":3,"href":"https:\/\/www.saiebologna.it\/it\/wp-json\/wp\/v2\/pages\/12012\/revisions"}],"predecessor-version":[{"id":15840,"href":"https:\/\/www.saiebologna.it\/it\/wp-json\/wp\/v2\/pages\/12012\/revisions\/15840"}],"wp:featuredmedia":[{"embeddable":true,"href":"https:\/\/www.saiebologna.it\/it\/wp-json\/wp\/v2\/media\/12014"}],"wp:attachment":[{"href":"https:\/\/www.saiebologna.it\/it\/wp-json\/wp\/v2\/media?parent=12012"}],"curies":[{"name":"wp","href":"https:\/\/api.w.org\/{rel}","templated":true}]}}