{"id":15450,"date":"2022-07-27T13:08:49","date_gmt":"2022-07-27T13:08:49","guid":{"rendered":"https:\/\/www.saiebologna.it\/?page_id=15450"},"modified":"2024-09-06T14:25:34","modified_gmt":"2024-09-06T14:25:34","slug":"anteprima-programma-convegni","status":"publish","type":"page","link":"https:\/\/www.saiebologna.it\/it\/anteprima-programma-convegni\/","title":{"rendered":"Anteprima programma convegni"},"content":{"rendered":"[vc_row][vc_column][vc_row_inner][vc_column_inner][vc_column_text]\n<h2 class=\"mt-1\" style=\"text-align: center\">Caricamento programma convegni&#8230;<\/h2>\n<p><img decoding=\"async\" loading=\"lazy\" class=\"wp-image-3790 aligncenter\" src=\"\/public\/uploads\/sites\/6\/14pd0HUvsbpLxu.gif\" alt=\"\" width=\"333\" height=\"220\" \/>[\/vc_column_text][vc_raw_js]JTNDc2NyaXB0JTIwdHlwZSUzRCUyMnRleHQlMkZqYXZhc2NyaXB0JTIyJTNFJTBBc2V0VGltZW91dCUyOGZ1bmN0aW9uJTIwJTI4JTI5JTIwJTdCd2luZG93LmxvY2F0aW9uLmhyZWYlMjAlM0QlMjAlMjJodHRwcyUzQSUyRiUyRndlYmFwcC5zYWllYm9sb2duYS5pdCUyRmRhc2hib2FyZCUyRmV2ZW50JTIyJTNCJTdEJTJDJTIwMjAwMCUyOSUzQiUwQSUzQyUyRnNjcmlwdCUzRQ==[\/vc_raw_js][\/vc_column_inner][\/vc_row_inner][\/vc_column][\/vc_row][vc_row equal_height=&#8221;yes&#8221; disable_element=&#8221;yes&#8221; el_class=&#8221;my-1&#8243;][vc_column][vc_row_inner equal_height=&#8221;yes&#8221; content_placement=&#8221;top&#8221;][vc_column_inner el_class=&#8221;py-lg-2 px-lg-5&#8243; width=&#8221;2\/3&#8243;][vc_column_text]\n<h2>Anteprima programma convegni<\/h2>\n[\/vc_column_text][vc_column_text]Un ricco panel di <strong>convegni<\/strong> per approfondire temi e argomenti utili per la tua professione.<br \/>\nApprofitta di questa occasione di<strong> aggiornamento, formazione e confronto con il mercato.<\/strong><\/p>\n<p>&nbsp;<\/p>\n<h5><a href=\"#mercoled\u00ec\"><span style=\"color: #e94e2b\">Mercoled\u00ec 9 <\/span><\/a><span style=\"color: #f8b632\">| <\/span><a href=\"#gioved\u00ec\"><span style=\"color: #e94e2b\">Gioved\u00ec 10 <\/span><\/a><span style=\"color: #f8b632\">|<\/span> <span style=\"color: #e94e2b\"><a href=\"#venerd\u00ec\"><span style=\"color: #e94e2b\">Venerd\u00ec 11<\/span><\/a> <\/span><span style=\"color: #f8b632\">|<\/span> <span style=\"color: #e94e2b\"><a href=\"#sabato\"><span style=\"color: #e94e2b\">Sabato 12<\/span><\/a>\u00a0<\/span><\/h5>\n[\/vc_column_text][vc_separator][vc_column_text]<a class=\"btn btn-lg btn-primary my-1\" href=\"https:\/\/www.saiebologna.it\/it\/accredito\/\">Biglietto omaggio<\/a>[\/vc_column_text][\/vc_column_inner][vc_column_inner el_class=&#8221;p-1 p-sm-3 p-lg-4 bg-darker&#8221; width=&#8221;1\/3&#8243;][vc_wp_custommenu nav_menu=&#8221;18&#8243;][\/vc_column_inner][\/vc_row_inner][\/vc_column][\/vc_row][vc_row equal_height=&#8221;yes&#8221; disable_element=&#8221;yes&#8221;][vc_column width=&#8221;1\/2&#8243; el_id=&#8221;mercoled\u00ec&#8221; css=&#8221;.vc_custom_1722601644853{border-right-width: 2px !important;background-color: #eaeaea !important;border-right-color: #ffffff !important;border-right-style: solid !important;}&#8221;][vc_row_inner equal_height=&#8221;yes&#8221; el_id=&#8221;mercoled\u00ec&#8221;][vc_column_inner el_class=&#8221;py-lg-2 px-lg-5&#8243;][vc_text_separator title=&#8221;Mercoled\u00ec 9 ottobre&#8221; color=&#8221;white&#8221;][vc_column_text]<strong>Mattina <\/strong><\/p>\n<p>Evento inaugurale SAIE 2024<strong><br \/>\nOrganizzato da SAIE in collaborazione con ANCE e FEDERCOSTRUZIONI<\/strong><\/p>\n<p>Il calcestruzzo fibrorinforzato: mix design, certificazione, controlli di accettazione<br \/>\n<strong>Organizzato da SAIE InCalcestruzzo &#8211; Ingenio<\/strong><\/p>\n<p>CORSO: Controlli di accettazione e di conformit\u00e0<br \/>\nCORSO: Calcestruzzo per Pavimenti<br \/>\n<strong>Organizzato da SAIE InCalcestruzzo \u2013 Ingenio<\/strong><\/p>\n<p>Sottofondi per pavimentazioni ad uso civile e commerciale<br \/>\n<strong>Organizzato da CONPAVIPER<\/strong><\/p>\n<p>Seminario: Sicurezza sul lavoro in quota<strong><br \/>\nOrganizzato da SICURPAL<\/strong><\/p>\n<p><strong>\u00a0<\/strong><\/p>\n<p><strong>Pomeriggio <\/strong><\/p>\n<p>Convegno ANCE Giovani<br \/>\n<strong>Organizzato da ANCE Giovani<\/strong><\/p>\n<p>La rigenerazione urbana: occasione o freno per la competitivit\u00e0 dei territori dell\u2019Emilia Romagna?<br \/>\n<strong>Organizzato da OICE Emilia Romagna<\/strong><\/p>\n<p>Evoluzione della produzione, del trasporto e della messa in opera calcestruzzo<br \/>\n<strong>Organizzato da SAIE InCalcestruzzo \u2013 Ingenio<\/strong><\/p>\n<p>CORSO: Controlli su strutture in CA in opera<br \/>\nCONCORSO: Indovina la resistenza del calcestruzzo<br \/>\n<strong>Organizzato da SAIE InCalcestruzzo \u2013 Ingenio<\/strong><\/p>\n<p>Calcestruzzi drenanti: capitolati, controlli e applicazioni<br \/>\n<strong>Organizzato da CONPAVIPER<\/strong><\/p>\n<p>Store Innovation Award 2024: La distribuzione edile nell\u2019era del Pnrr<br \/>\n<strong>Organizzato da <em>Il Commercio Edile<\/em>\u00a0\u2013 Gruppo Tecniche Nuove<\/strong>[\/vc_column_text][\/vc_column_inner][\/vc_row_inner][\/vc_column][vc_column width=&#8221;1\/2&#8243; css=&#8221;.vc_custom_1722601655677{border-left-width: 2px !important;background-color: #f7cc76 !important;border-left-color: #ffffff !important;border-left-style: solid !important;}&#8221;][vc_row_inner equal_height=&#8221;yes&#8221; el_id=&#8221;gioved\u00ec&#8221;][vc_column_inner el_class=&#8221;py-lg-2 px-lg-5&#8243;][vc_text_separator title=&#8221;Gioved\u00ec 10 ottobre&#8221; color=&#8221;white&#8221;][vc_column_text]<strong>Mattina\u00a0 <\/strong><\/p>\n<p>Convegno CNCE e Cassa Edile Awards<strong><br \/>\nOrganizzato da CNCE<\/strong><\/p>\n<p>CONVENTION BIM COMMUNITY. Il fattore umano nell\u2019era digitale: il BIM come leva di Inclusione, Innovazione e Leadership<br \/>\n<strong>Organizzato da ICMQ SPA<\/strong><\/p>\n<p>Sicurezza, Digitalizzazione, Sostenibilit\u00e0: 3 sfide per la prefabbricazione<br \/>\n<strong>Organizzato da SAIE InCalcestruzzo \u2013 Ingenio<\/strong><\/p>\n<p>CORSO: Controlli di accettazione e di conformit\u00e0<br \/>\nCORSO: Calcestruzzo grandi opere<br \/>\n<strong>Organizzato da SAIE InCalcestruzzo \u2013 Ingenio<\/strong><\/p>\n<p>I controlli sui massetti: quali controlli, quando, responsabilit\u00e0<br \/>\n<strong>Organizzato da CONPAVIPER<\/strong><\/p>\n<p>Sicurezza in Cantiere &#8211; la Patente a Crediti<br \/>\n<strong>Organizzato da FINCO <\/strong><\/p>\n<p><strong>\u00a0<\/strong><\/p>\n<p><strong>Pomeriggio <\/strong><\/p>\n<p>Convegno ANCE EMILIA: tema PNRR<br \/>\n<strong>Organizzato da ANCE EMILIA<\/strong><\/p>\n<p>A new tunnelling era: the challenges of this decade (2020-2030) for the tunnelling industry<strong><br \/>\nConvegno organizzato da SIG &#8211; Societ\u00e0 Italiana Gallerie<\/strong><\/p>\n<p>Linee guida BIM per le Stazioni Appaltanti: strutture e procedure propedeutiche alla redazione del Capitolato Informativo<br \/>\n<strong>Organizzato da IBIMI &#8211; buildingSMART Italy<\/strong><\/p>\n<p>Il mix design del calcestruzzo con i cementi sostenibili<br \/>\n<strong>Organizzato da SAIE InCalcestruzzo \u2013 Ingenio<\/strong><\/p>\n<p>CORSO: Controlli su strutture in CA in opera<br \/>\nCONCORSO: Indovina la resistenza del calcestruzzo<br \/>\n<strong>Organizzato da SAIE InCalcestruzzo \u2013 Ingenio<\/strong><\/p>\n<p>Prescrizioni speciali e verifiche per sistemi resinosi su pavimenti<br \/>\n<strong>Organizzato da CONPAVIPER<\/strong><\/p>\n<p>Seminario tecnico: Edilizia circolare<br \/>\n<strong>Organizzato da ETRA &#8211; ANTEL<\/strong>[\/vc_column_text][\/vc_column_inner][\/vc_row_inner][\/vc_column][\/vc_row][vc_row disable_element=&#8221;yes&#8221;][vc_column][vc_empty_space][\/vc_column][\/vc_row][vc_row equal_height=&#8221;yes&#8221; disable_element=&#8221;yes&#8221;][vc_column width=&#8221;1\/2&#8243; css=&#8221;.vc_custom_1722601676054{border-right-width: 2px !important;background-color: #e8785f !important;border-right-color: #ffffff !important;border-right-style: solid !important;}&#8221;][vc_row_inner equal_height=&#8221;yes&#8221; el_id=&#8221;venerd\u00ec&#8221;][vc_column_inner el_class=&#8221;py-lg-2 px-lg-5&#8243;][vc_text_separator title=&#8221;Venerd\u00ec 11 ottobre&#8221; color=&#8221;white&#8221;][vc_column_text]<strong>Mattina\u00a0 <\/strong><\/p>\n<p>Convegno ANCE EMILIA: Housing Sociale e tensioni territoriali con i Sindaci<br \/>\n<strong>Organizzato da ANCE EMILIA<\/strong><\/p>\n<p>Convegno Nazionale Formedil di presentazione dei dati di monitoraggio annuali<strong><br \/>\nOrganizzato da FORMEDIL<\/strong><\/p>\n<p>A new tunnelling era: the challenges of this decade (2020-2030) for the tunnelling industry<strong><br \/>\nConvegno organizzato da SIG\u00a0 Societ\u00e0 Italiana Gallerie<\/strong><\/p>\n<p>XXXIII Convegno Nazionale Geosintetici <strong><br \/>\nOrganizzato da AGI &#8211; IGS<\/strong><\/p>\n<p>GRUPPO FS: Infrastrutture, Mobilit\u00e0, Logistica e Rigenerazione Urbana<br \/>\n<strong>Organizzato da CIFI \u00a0Collegio Ingegneri Ferroviari Italiani<\/strong><\/p>\n<p>Le scelte sul calcestruzzo per le costruzioni sostenibili<br \/>\n<strong>Organizzato da SAIE InCalcestruzzo \u2013 Ingenio<\/strong><\/p>\n<p>CORSO: Controlli di accettazione e di conformit\u00e0<br \/>\nCORSO: Calcestruzzo grandi opere<br \/>\n<strong>Organizzato da SAIE InCalcestruzzo \u2013 Ingenio<\/strong><\/p>\n<p>Il sistema pavimento: a basso spessore e a bassa inerzia<br \/>\n<strong>Organizzato da CONPAVIPER<\/strong><\/p>\n<p><strong>\u00a0<\/strong><\/p>\n<p><strong>Pomeriggio<\/strong><\/p>\n<p>Progettare, costruire e gestire infrastrutture sostenibili. ESG, lCA, digitalizzazione e sicurezza.<br \/>\n<strong>Organizzato da AIS Associazione Infrastrutte Sostenibili<\/strong><\/p>\n<p>Convegno: Dalla direttiva UE sulle case green alle comunit\u00e0 energetiche, quale futuro per l\u2019Italia?<br \/>\n<strong>Organizzato da Confabitare<\/strong><\/p>\n<p>Seminario tecnico: Manutenzione e monitoraggio delle infrastrutture\u00a0 pubbliche<br \/>\n<strong>Organizzato da ANTEL <\/strong><\/p>\n<p>La certificazione e la qualifica del calcestruzzo per le opere importanti<br \/>\n<strong>Organizzato da SAIE InCalcestruzzo \u2013 Ingenio<\/strong><\/p>\n<p>CORSO: Controlli su strutture in CA in opera<br \/>\nCONCORSO: Indovina la resistenza del calcestruzzo<br \/>\n<strong>Organizzato da SAIE InCalcestruzzo \u2013 Ingenio<\/strong><\/p>\n<p>Pavimenti industriali innovativi: soluzioni, norme, capitolati, controlli<br \/>\n<strong>Organizzato da CONPAVIPER<\/strong><\/p>\n<p>Finale Nazionale Ediltrophy 2024 \u2013 concorso Junior<br \/>\n<strong>Organizzato da FORMEDIL e IIPLE<\/strong>[\/vc_column_text][\/vc_column_inner][\/vc_row_inner][\/vc_column][vc_column width=&#8221;1\/2&#8243; css=&#8221;.vc_custom_1722601688262{border-left-width: 2px !important;background-color: #eaeaea !important;border-left-color: #ffffff !important;border-left-style: solid !important;}&#8221;][vc_row_inner equal_height=&#8221;yes&#8221; el_id=&#8221;sabato&#8221;][vc_column_inner el_class=&#8221;py-lg-2 px-lg-5&#8243;][vc_text_separator title=&#8221;Sabato 12 ottobre&#8221; color=&#8221;white&#8221;][vc_column_text]<strong>Mattina <\/strong><\/p>\n<p>Evento inaugurale SAIE 2024<strong><br \/>\nOrganizzato da SAIE in collaborazione con ANCE e FEDERCOSTRUZIONI<\/strong><\/p>\n<p>Il calcestruzzo fibrorinforzato: mix design, certificazione, controlli di accettazione<br \/>\n<strong>Organizzato da SAIE InCalcestruzzo &#8211; Ingenio<\/strong><\/p>\n<p>CORSO: Controlli di accettazione e di conformit\u00e0<br \/>\nCORSO: Calcestruzzo per Pavimenti<br \/>\n<strong>Organizzato da SAIE InCalcestruzzo \u2013 Ingenio<\/strong><\/p>\n<p>Sottofondi per pavimentazioni ad uso civile e commerciale<br \/>\n<strong>Organizzato da CONPAVIPER<\/strong><\/p>\n<p>Seminario: Sicurezza sul lavoro in quota<strong><br \/>\nOrganizzato da SICURPAL<\/strong><\/p>\n<p><strong>\u00a0<\/strong><\/p>\n<p><strong>Pomeriggio <\/strong><\/p>\n<p>Convegno ANCE Giovani<br \/>\n<strong>Organizzato da ANCE Giovani<\/strong><\/p>\n<p>La rigenerazione urbana: occasione o freno per la competitivit\u00e0 dei territori dell\u2019Emilia Romagna?<br \/>\n<strong>Organizzato da OICE Emilia Romagna<\/strong><\/p>\n<p>Evoluzione della produzione, del trasporto e della messa in opera calcestruzzo<br \/>\n<strong>Organizzato da SAIE InCalcestruzzo \u2013 Ingenio<\/strong><\/p>\n<p>CORSO: Controlli su strutture in CA in opera<br \/>\nCONCORSO: Indovina la resistenza del calcestruzzo<br \/>\n<strong>Organizzato da SAIE InCalcestruzzo \u2013 Ingenio<\/strong><\/p>\n<p>Calcestruzzi drenanti: capitolati, controlli e applicazioni<br \/>\n<strong>Organizzato da CONPAVIPER<\/strong><\/p>\n<p>Store Innovation Award 2024: La distribuzione edile nell\u2019era del Pnrr<br \/>\n<strong>Organizzato da <em>Il Commercio Edile<\/em>\u00a0\u2013 Gruppo Tecniche Nuove<\/strong>[\/vc_column_text][\/vc_column_inner][\/vc_row_inner][\/vc_column][\/vc_row]\n","protected":false},"excerpt":{"rendered":"<p>[vc_row][vc_column][vc_row_inner][vc_column_inner][vc_column_text] Caricamento programma convegni&#8230; [\/vc_column_text][vc_raw_js]JTNDc2NyaXB0JTIwdHlwZSUzRCUyMnRleHQlMkZqYXZhc2NyaXB0JTIyJTNFJTBBc2V0VGltZW91dCUyOGZ1bmN0aW9uJTIwJTI4JTI5JTIwJTdCd2luZG93LmxvY2F0aW9uLmhyZWYlMjAlM0QlMjAlMjJodHRwcyUzQSUyRiUyRndlYmFwcC5zYWllYm9sb2duYS5pdCUyRmRhc2hib2FyZCUyRmV2ZW50JTIyJTNCJTdEJTJDJTIwMjAwMCUyOSUzQiUwQSUzQyUyRnNjcmlwdCUzRQ==[\/vc_raw_js][\/vc_column_inner][\/vc_row_inner][\/vc_column][\/vc_row][vc_row equal_height=&#8221;yes&#8221; disable_element=&#8221;yes&#8221; el_class=&#8221;my-1&#8243;][vc_column][vc_row_inner equal_height=&#8221;yes&#8221; content_placement=&#8221;top&#8221;][vc_column_inner el_class=&#8221;py-lg-2 px-lg-5&#8243; width=&#8221;2\/3&#8243;][vc_column_text] Anteprima programma convegni [\/vc_column_text][vc_column_text]Un ricco panel di convegni per approfondire temi e argomenti utili per la tua professione. Approfitta di questa occasione di aggiornamento, formazione e confronto con il mercato. &nbsp; Mercoled\u00ec 9 | Gioved\u00ec 10 | Venerd\u00ec 11 | Sabato 12\u00a0 [&hellip;]<\/p>\n","protected":false},"author":12,"featured_media":18762,"parent":0,"menu_order":0,"comment_status":"closed","ping_status":"closed","template":"","meta":[],"acf":[],"aioseo_notices":[],"_links":{"self":[{"href":"https:\/\/www.saiebologna.it\/it\/wp-json\/wp\/v2\/pages\/15450"}],"collection":[{"href":"https:\/\/www.saiebologna.it\/it\/wp-json\/wp\/v2\/pages"}],"about":[{"href":"https:\/\/www.saiebologna.it\/it\/wp-json\/wp\/v2\/types\/page"}],"author":[{"embeddable":true,"href":"https:\/\/www.saiebologna.it\/it\/wp-json\/wp\/v2\/users\/12"}],"replies":[{"embeddable":true,"href":"https:\/\/www.saiebologna.it\/it\/wp-json\/wp\/v2\/comments?post=15450"}],"version-history":[{"count":3,"href":"https:\/\/www.saiebologna.it\/it\/wp-json\/wp\/v2\/pages\/15450\/revisions"}],"predecessor-version":[{"id":26271,"href":"https:\/\/www.saiebologna.it\/it\/wp-json\/wp\/v2\/pages\/15450\/revisions\/26271"}],"wp:featuredmedia":[{"embeddable":true,"href":"https:\/\/www.saiebologna.it\/it\/wp-json\/wp\/v2\/media\/18762"}],"wp:attachment":[{"href":"https:\/\/www.saiebologna.it\/it\/wp-json\/wp\/v2\/media?parent=15450"}],"curies":[{"name":"wp","href":"https:\/\/api.w.org\/{rel}","templated":true}]}}