{"id":16279,"date":"2022-09-09T14:09:35","date_gmt":"2022-09-09T14:09:35","guid":{"rendered":"https:\/\/www.saiebologna.it\/?page_id=16279"},"modified":"2022-10-18T14:06:18","modified_gmt":"2022-10-18T14:06:18","slug":"collettiva-cluster-edilizia-costruzioni-sostenibilita","status":"publish","type":"page","link":"https:\/\/www.saiebologna.it\/it\/collettiva-cluster-edilizia-costruzioni-sostenibilita\/","title":{"rendered":"Collettiva \u201cClust-ER Edilizia e Costruzioni della Regione Emilia-Romagna\u201d e \u201cClust-ER Energia e Sviluppo Sostenibile\u201d"},"content":{"rendered":"[vc_row equal_height=&#8221;yes&#8221; el_class=&#8221;my-1&#8243;][vc_column][vc_row_inner equal_height=&#8221;yes&#8221; content_placement=&#8221;top&#8221;][vc_column_inner el_class=&#8221;py-lg-2 px-lg-5&#8243; width=&#8221;2\/3&#8243;][vc_column_text]\n<h2>Collettiva \u201cClust-ER Edilizia e Costruzioni della Regione Emilia-Romagna\u201d e \u201cClust-ER Energia e Sviluppo Sostenibile\u201d<\/h2>\n[\/vc_column_text][vc_text_separator title=&#8221;Pad. 26&#8243; i_icon_fontawesome=&#8221;fas fa-map-marker-alt&#8221; i_color=&#8221;green&#8221; title_align=&#8221;separator_align_left&#8221; align=&#8221;align_left&#8221; add_icon=&#8221;true&#8221;][vc_column_text]Dopo varie edizioni di SAIE in cui il <strong>Clust-ER Edilizia e Costruzioni<\/strong> della Regione Emilia-Romagna ha presentato le innovazioni nel campo delle infrastrutture, del patrimonio culturale e della sostenibilit\u00e0 degli edifici, il Collettivo Clust-ER si arricchisce con le attivit\u00e0 ed i soci del <strong>Clust-ER Energia e Sviluppo Sostenibile<\/strong>, da sempre impegnato su temi energia e sviluppo sostenibile.[\/vc_column_text][vc_column_text]\n<h5>Grazie a una collaborazione inter-cluster dedicata alla <strong>Qualit\u00e0 dell\u2019Aria Indoor nelle Scuole<\/strong>, le due Associazioni hanno prodotto un documento condiviso, che sar\u00e0 presentato al Convegno il giorno <strong>20 ottobre alle 14.30 sala Convegni Notturno<\/strong>.<\/h5>\n[\/vc_column_text][vc_column_text]<a class=\"btn btn-lg btn-primary\" href=\"\/it\/contatti\/\">Richiedi informazioni<\/a> <a class=\"btn btn-lg btn-primary my-0\" href=\"\/it\/accredito\/\">Scarica biglietto omaggio<\/a>[\/vc_column_text][\/vc_column_inner][vc_column_inner el_class=&#8221;p-1 p-sm-3 p-lg-4 bg-darker&#8221; width=&#8221;1\/3&#8243; offset=&#8221;vc_hidden-xs&#8221;][vc_wp_custommenu nav_menu=&#8221;13&#8243;][\/vc_column_inner][\/vc_row_inner][\/vc_column][\/vc_row][vc_row equal_height=&#8221;yes&#8221; content_placement=&#8221;middle&#8221; el_class=&#8221;my-1&#8243;][vc_column][vc_row_inner equal_height=&#8221;yes&#8221; content_placement=&#8221;top&#8221;][vc_column_inner width=&#8221;1\/3&#8243;][vc_empty_space][vc_single_image image=&#8221;16449&#8243; img_size=&#8221;large&#8221; alignment=&#8221;center&#8221;][\/vc_column_inner][vc_column_inner el_class=&#8221;py-lg-2 px-lg-5&#8243; width=&#8221;2\/3&#8243;][vc_column_text]\n<h5 style=\"text-align: left\">Nel corso dei quattro giorni di fiera, i soci dei Clust-ER presenteranno, negli spazi del Collettivo, le proprie attivit\u00e0 e soluzioni innovative, toccando temi di attualit\u00e0 come il risparmio energetico, la salubrit\u00e0 degli edifici e la vulnerabilit\u00e0 sismica, in un ricco palinsesto.<\/h5>\n<p><em>Il Collettivo vedr\u00e0 coinvolti:<\/em>[\/vc_column_text][vc_column_text]<em><img decoding=\"async\" loading=\"lazy\" class=\"wp-image-16423 alignleft\" src=\"\/public\/uploads\/sites\/9\/ATMAlogo.jpg\" alt=\"\" width=\"150\" height=\"60\" srcset=\"\/public\/uploads\/sites\/9\/ATMAlogo.jpg 319w, \/public\/uploads\/sites\/9\/ATMAlogo-300x122.jpg 300w\" sizes=\"(max-width: 150px) 100vw, 150px\" \/><strong>Atma Engineering<\/strong><br \/>\nsociet\u00e0 di engineering dedicata ai servizi per l\u2019edilizia, meccanica, energia elettronica<\/em>[\/vc_column_text][vc_separator][vc_column_text]<img decoding=\"async\" loading=\"lazy\" class=\"wp-image-16289 alignleft\" src=\"\/public\/uploads\/sites\/9\/befreest_logo.jpg\" alt=\"\" width=\"150\" height=\"74\" \/> <strong>Befreest\u00a0<\/strong><br \/>\n<em>start up innovativa che produce sistemi intelligenti per monitorare la qualit\u00e0 dell&#8217;aria indoor<\/em>[\/vc_column_text][vc_separator][vc_column_text]<img decoding=\"async\" loading=\"lazy\" class=\"wp-image-16291 alignleft\" src=\"\/public\/uploads\/sites\/9\/centoform_logo.jpg\" alt=\"\" width=\"150\" height=\"74\" \/><strong>Centoform\u00a0<\/strong><br \/>\n<em>societ\u00e0 di engineering dedicata ai servizi per l\u2019edilizia, meccanica, energia elettronica<\/em>[\/vc_column_text][vc_separator][vc_column_text]<img decoding=\"async\" loading=\"lazy\" class=\"wp-image-16293 alignleft\" src=\"\/public\/uploads\/sites\/9\/Certimac.jpg\" alt=\"\" width=\"150\" height=\"73\" \/><strong>Certimac\u00a0<\/strong><br \/>\n<em>organismo di Ricerca e Certificazione, offre competenze e servizi per certificare e innalzare le prestazioni di materiali e processi, con riferimento a efficienza energetica, sostenibilit\u00e0 ambientale, sicurezza e salubrit\u00e0 di prodotti e ambienti<\/em>[\/vc_column_text][vc_separator][vc_column_text]<img decoding=\"async\" loading=\"lazy\" class=\"wp-image-16301 alignleft\" src=\"\/public\/uploads\/sites\/9\/ls_analytica_logo.jpg\" alt=\"\" width=\"150\" height=\"69\" \/> <strong>Lab service Analytica Srl<\/strong><br \/>\n<em>societ\u00e0 che fornisce prodotti e servizi destinati alle tecnologie analitiche emergenti nei settori dei materiali di riferimento, delle strumentazioni per la preparazione dei campioni e per il monitoraggio ambientale<\/em>[\/vc_column_text][vc_separator][vc_column_text]<img decoding=\"async\" loading=\"lazy\" class=\"wp-image-16303 alignleft\" src=\"\/public\/uploads\/sites\/9\/lav_logo.jpg\" alt=\"\" width=\"150\" height=\"62\" \/> <strong>LAV srl<\/strong><br \/>\n<em>societ\u00e0 che offre servizi di consulenza, campionamento ed analisi chimiche, fisiche e microbiologiche in campo ambientale e industriale su matrici liquide, solide e gassose<\/em>[\/vc_column_text][vc_separator][vc_column_text]<img decoding=\"async\" loading=\"lazy\" class=\"wp-image-16289 alignleft\" src=\"\/public\/uploads\/sites\/9\/a_system_logo.jpg\" alt=\"\" width=\"150\" height=\"70\" \/> <strong>NTC&amp;R<\/strong><br \/>\n<em>start up dedicata a sistemi innovativi costruttivi per cappotti con tecnologia ad altissima efficienza energetica (standard Passivhaus) antisismica, antisfondamento, antiumidit\u00e0, antimuffa<\/em>[\/vc_column_text][vc_separator][vc_column_text]<strong><img decoding=\"async\" loading=\"lazy\" class=\"wp-image-16299 alignleft\" src=\"\/public\/uploads\/sites\/9\/ocm_logo.jpg\" alt=\"\" width=\"150\" height=\"58\" \/>OCM Clima srl<\/strong><em><br \/>\nazienda che realizza impianti e servizi aeraulici in ambito civile ed industriale, per garantire la migliore qualit\u00e0 dell\u2019aria ai fini del benessere indoor e la sostenibilit\u00e0 industriale.<\/em>[\/vc_column_text][vc_separator][vc_column_text]<strong><img decoding=\"async\" loading=\"lazy\" class=\"wp-image-16297 alignleft\" src=\"\/public\/uploads\/sites\/9\/pro_ambiente_logo.jpg\" alt=\"\" width=\"150\" height=\"67\" \/>Proambiente<\/strong><em><br \/>\nconsorzio di enti pubblici e soggetti privati che realizza attivit\u00e0 di trasferimento tecnologico relativamente alle tematiche ambientali nelle componenti aria, acqua, suolo, beni culturali e attivit\u00e0 antropiche<\/em>[\/vc_column_text][vc_separator][vc_column_text]<strong><img decoding=\"async\" loading=\"lazy\" class=\"wp-image-16297 alignleft\" src=\"\/public\/uploads\/sites\/9\/builti.jpg\" alt=\"\" width=\"150\" height=\"67\" \/>Builti<\/strong><\/p>\n[\/vc_column_text][\/vc_column_inner][\/vc_row_inner][vc_row_inner equal_height=&#8221;yes&#8221; content_placement=&#8221;top&#8221;][vc_column_inner][vc_empty_space height=&#8221;64px&#8221;][\/vc_column_inner][\/vc_row_inner][vc_row_inner][vc_column_inner][\/vc_column_inner][\/vc_row_inner][\/vc_column][\/vc_row][vc_row el_class=&#8221;my-1 bg-gray&#8221;][vc_column][vc_empty_space][vc_column_text]\n<h3 style=\"text-align: center\">Programma convegni Collettiva Clust-ER BUILD e Clust-ER GREENTECH<\/h3>\n[\/vc_column_text][vc_row_inner el_class=&#8221;py-lg-2 px-lg-5&#8243;][vc_column_inner width=&#8221;1\/3&#8243;][vc_column_text]\n<h5 style=\"text-align: left\"><span style=\"color: #5c9c31\"><strong>Mercoled\u00ec 19 Ottobre<br \/>\n<\/strong><\/span><\/h5>\n<p>9.30 \u2013 10.30<br \/>\n<strong>\u201cLa Vapour Intrusion come sorgente di contaminanti indoor-Tecnologie di misure a confronto\u201d\u00a0<\/strong><br \/>\n<em>Marcello Tognacci &#8211; LAV-LabService<\/em><\/p>\n<p>14.00 \u2013 15.00<br \/>\n<strong>&#8220;Materiali Compositi Innovativi per il rinforzo strutturale: FRCM, FRP, FRC, CRM e barre in composito. Iter di qualificazione prodotto e accettazione in cantiere&#8221;<\/strong><br \/>\n<em>Mattia Morganti \u2013 CERTIMAC<\/em><\/p>\n<p>15.30 \u2013 16.30<br \/>\n<strong>\u201cNuove competenze e strumenti finanziari a supporto della digitalizzazione e della sostenibilit\u00e0 della filiera edilizia e costruzioni\u201d<\/strong><br \/>\n<em>Chiara Pancaldi &#8211; CENTOFORM<br \/>\n<\/em><\/p>\n<p>17.00 \u2013 17.30<br \/>\n<strong>\u201cProgetto Gaia\u201d\u00a0<\/strong><br \/>\n<em>Lucio Cerrito, Sandra Dei Svaldi \u2013 NTC&amp;R<\/em>[\/vc_column_text][\/vc_column_inner][vc_column_inner width=&#8221;1\/3&#8243;][vc_column_text]\n<h5 style=\"text-align: left\"><span style=\"color: #5c9c31\"><strong>Gioved\u00ec 20 Ottobre<br \/>\n<\/strong><\/span><\/h5>\n<p>9.30 \u2013 10.30<br \/>\n<strong>\u201cDa Smart building a health building: il nuovo paradigma degli edifici intelligenti\u201d <\/strong><br \/>\n<em>Fabio Cerino &#8211; Befreest<\/em><\/p>\n<p>10.30 \u2013 11.10<br \/>\n<strong>\u201cTecniche di campionamento mediante Flux Chamber\u201d<\/strong><br \/>\n<em>Marcello Tognacci &#8211; LAV-LabService<\/em><\/p>\n<p>11.10 &#8211; 12.10<br \/>\n<strong>&#8220;Materiali da costruzione e sostenibilit\u00e0: il nuovo Decreto CAM e le opportunit\u00e0 per il settore&#8221;<\/strong><br \/>\n<em>Luca Laghi &#8211; Simone Bandini, PhD \u2013 CERTIMAC<\/em>[\/vc_column_text][\/vc_column_inner][vc_column_inner width=&#8221;1\/3&#8243;][vc_column_text]\n<h5 style=\"text-align: left\"><span style=\"color: #5c9c31\"><strong>Venerd\u00ec 21 Ottobre<br \/>\n<\/strong><\/span><\/h5>\n<p>9.30 \u2013 10.00<br \/>\n<strong>\u201cSalubrit\u00e0 dell\u2019aria e Indice Rischio di Infezione (RI) in ambienti Indoor-Tecnologia AQGuard\u201d <\/strong><br \/>\n<em>Alessandro Battaglia &#8211; LAV-LabService<\/em><\/p>\n<p>10.00 \u2013 13.30<br \/>\n<strong>\u201cIl Terremoto dei Capannoni\u201d del 2012 \u2013 Apprendimenti e opportunit\u00e0<br \/>\n<\/strong><em>Progetto Firespill Italia-Croazia Infoday<\/em><\/p>\n<p>14.00 \u2013 15.00<br \/>\n<strong>\u201cFacciamo cultura della qualit\u00e0 dell\u2019aria indoor\u201d<\/strong><br \/>\n<em>Simonetta Zalambani &#8211; OCM Clima<\/em><\/p>\n<p>15.30 \u2013 16.30<br \/>\n<strong>\u201cProgetto PAESE-RI\u201d <\/strong><br \/>\n<em>Lucio Cerrito, Marco Savoia, Tomaso Trombetti \u2013 ATMA Engineering<\/em>[\/vc_column_text][\/vc_column_inner][\/vc_row_inner][vc_separator color=&#8221;white&#8221;][vc_row_inner el_class=&#8221;py-lg-2 px-lg-5&#8243;][vc_column_inner][vc_column_text]\n<h3 style=\"text-align: center\">LA QUALIT\u00c0 DELL\u2019ARIA NELLE SCUOLE<br \/>\nPerch\u00e9 \u00e8 importante un approccio integrato per garantire benessere, efficienza energetica e il risparmio<\/h3>\n<p style=\"text-align: center\"><em>gioved\u00ec 20 ottobre 2022 h 14:30 &#8211; 17:30 | Sala Notturno \u2013 Primo piano Centro Servizi<\/em><\/p>\n[\/vc_column_text][\/vc_column_inner][\/vc_row_inner][vc_row_inner][vc_column_inner width=&#8221;1\/6&#8243;][\/vc_column_inner][vc_column_inner width=&#8221;2\/3&#8243;][vc_column_text]\n<h6>Modera: Katia Ferrari, Cluster Manager Clust-ER Greentech<\/h6>\n<p>14.15<br \/>\nArrivo e registrazione dei partecipanti<\/p>\n<p>14:30<br \/>\nClust-ER Greentech- presidente Sandro Fuzzi<br \/>\nClust-ER Build &#8211; presidente Marcello Balzani<\/p>\n<p>15.00<br \/>\n<strong>Video Greentech\/Build su QAI<br \/>\n<\/strong><br \/>\n15.10<br \/>\n<strong>La qualit\u00e0 dell\u2019aria negli ambienti scolastici: le indicazioni dell\u2019Istituto Superiore della Sanit\u00e0<\/strong><br \/>\n<em>Gaetano Settimo, ISS &#8211; Istituto Superiore della Sanit\u00e0<\/em><\/p>\n<p>15.25<br \/>\n<strong>Sfide e necessit\u00e0 della scuola per garantire una buona qualit\u00e0 dell\u2019aria indoor<\/strong><br \/>\n<em>Alda Barbi, Dirigente Scolastico Liceo Scientifico M. Fanti (Carpi &#8211; MO) &amp; Maura Zini Dirigente Scolastico IIS L. Spallanzani (Castelfranco &#8211; MO) <\/em><\/p>\n<p>15:40<br \/>\n<strong>Il nuovo decreto CAM: emissioni da materiali da costruzione e qualit\u00e0 dell\u2019aria negli edifici pubblici<br \/>\n<\/strong><em>Simone Bandini, Certimac<\/em><strong><br \/>\n<\/strong><\/p>\n<p>15:50<br \/>\n<strong>La gestione e manutenzione degli impianti aeraulici per la qualit\u00e0 dell\u2019aria interna<br \/>\n<\/strong><em>Luca Alberto Piter\u00e0, AiCARR &#8211; Associazione italiana Condizionamento dell\u2019Aria Riscaldamento e Refrigerazione<\/em><\/p>\n<p>16:05<br \/>\n<strong>Indicazioni pratiche su una corretta progettazione di impianti aeraulici<br \/>\n<\/strong><em>Giovanni Semprini, UNIBO CIRI EC<br \/>\n<\/em><br \/>\n16:15<br \/>\n<strong>Come utilizzare i fondi per installare sistemi VMC a scuola: l\u2019esempio virtuoso del Comune di Tiggiano<br \/>\n<\/strong><em>Giacomo Cazzato, Sindaco di Tiggiano (LE)<\/em><\/p>\n<p>16:30 Tavola Rotonda:<br \/>\n\u2022 befreest srl, Fabio Cerino<br \/>\n\u2022 Lab Service Analytica srl, Ivano Battaglia<br \/>\n\u2022 LEAP Piacenza scarl, Senem Ozgen<br \/>\n\u2022 OCM Clima srl, Simonetta Zalambani<br \/>\n\u2022 Proambiente Scrl, Enrico Cozzani<br \/>\n\u2022 TCR Tecora srl, Maria Grazia Perrone<br \/>\n\u2022 U-Series srl, Gabriele Cotza<br \/>\n\u2022 LAV Srl, Marcello Tognacci<\/p>\n<p>17:00 Domande e Risposte<\/p>\n<p>&nbsp;<\/p>\n<p><span style=\"color: #ff0000\">*Evento in via di accreditamento per Architetti dell&#8217;Ordine di Bologna<\/span>[\/vc_column_text][\/vc_column_inner][vc_column_inner width=&#8221;1\/6&#8243;][\/vc_column_inner][\/vc_row_inner][\/vc_column][\/vc_row][vc_row equal_height=&#8221;yes&#8221; content_placement=&#8221;middle&#8221; el_class=&#8221;my-1&#8243;][vc_column][vc_row_inner equal_height=&#8221;yes&#8221; content_placement=&#8221;top&#8221;][vc_column_inner el_class=&#8221;py-lg-2 px-lg-5&#8243; width=&#8221;1\/6&#8243;][\/vc_column_inner][vc_column_inner width=&#8221;2\/3&#8243;][vc_empty_space height=&#8221;22px&#8221;][vc_column_text]\n<p style=\"text-align: center\"><em>In collaborazione con<\/em><\/p>\n[\/vc_column_text][vc_separator][\/vc_column_inner][vc_column_inner width=&#8221;1\/6&#8243;][\/vc_column_inner][\/vc_row_inner][\/vc_column][\/vc_row][vc_row][vc_column width=&#8221;1\/4&#8243;][\/vc_column][vc_column width=&#8221;1\/4&#8243;][vc_single_image image=&#8221;16443&#8243; img_size=&#8221;&#8221; alignment=&#8221;center&#8221;][\/vc_column][vc_column width=&#8221;1\/4&#8243;][vc_single_image image=&#8221;16530&#8243; img_size=&#8221;&#8221; alignment=&#8221;center&#8221;][\/vc_column][vc_column width=&#8221;1\/4&#8243;][\/vc_column][\/vc_row][vc_row][vc_column width=&#8221;1\/4&#8243;][\/vc_column][vc_column width=&#8221;1\/2&#8243;][vc_empty_space][vc_column_text]\n<div class=\"wpb_text_column wpb_content_element \">\n<div class=\"wpb_wrapper\">\n<h4 style=\"text-align: center\">SAIE in partnership con<\/h4>\n<\/div>\n<\/div>\n[\/vc_column_text][vc_single_image image=&#8221;14431&#8243; img_size=&#8221;medium&#8221; alignment=&#8221;center&#8221; onclick=&#8221;custom_link&#8221; img_link_target=&#8221;_blank&#8221; link=&#8221;https:\/\/www.bper.it\/imprese-professionisti\/pnrr&#8221;][\/vc_column][vc_column width=&#8221;1\/4&#8243;][\/vc_column][\/vc_row]\n","protected":false},"excerpt":{"rendered":"<p>[vc_row equal_height=&#8221;yes&#8221; el_class=&#8221;my-1&#8243;][vc_column][vc_row_inner equal_height=&#8221;yes&#8221; content_placement=&#8221;top&#8221;][vc_column_inner el_class=&#8221;py-lg-2 px-lg-5&#8243; width=&#8221;2\/3&#8243;][vc_column_text] Collettiva \u201cClust-ER Edilizia e Costruzioni della Regione Emilia-Romagna\u201d e \u201cClust-ER Energia e Sviluppo Sostenibile\u201d [\/vc_column_text][vc_text_separator title=&#8221;Pad. 26&#8243; i_icon_fontawesome=&#8221;fas fa-map-marker-alt&#8221; i_color=&#8221;green&#8221; title_align=&#8221;separator_align_left&#8221; align=&#8221;align_left&#8221; add_icon=&#8221;true&#8221;][vc_column_text]Dopo varie edizioni di SAIE in cui il Clust-ER Edilizia e Costruzioni della Regione Emilia-Romagna ha presentato le innovazioni nel campo delle infrastrutture, del patrimonio [&hellip;]<\/p>\n","protected":false},"author":12,"featured_media":16535,"parent":0,"menu_order":0,"comment_status":"closed","ping_status":"closed","template":"","meta":[],"acf":[],"aioseo_notices":[],"_links":{"self":[{"href":"https:\/\/www.saiebologna.it\/it\/wp-json\/wp\/v2\/pages\/16279"}],"collection":[{"href":"https:\/\/www.saiebologna.it\/it\/wp-json\/wp\/v2\/pages"}],"about":[{"href":"https:\/\/www.saiebologna.it\/it\/wp-json\/wp\/v2\/types\/page"}],"author":[{"embeddable":true,"href":"https:\/\/www.saiebologna.it\/it\/wp-json\/wp\/v2\/users\/12"}],"replies":[{"embeddable":true,"href":"https:\/\/www.saiebologna.it\/it\/wp-json\/wp\/v2\/comments?post=16279"}],"version-history":[{"count":2,"href":"https:\/\/www.saiebologna.it\/it\/wp-json\/wp\/v2\/pages\/16279\/revisions"}],"predecessor-version":[{"id":17738,"href":"https:\/\/www.saiebologna.it\/it\/wp-json\/wp\/v2\/pages\/16279\/revisions\/17738"}],"wp:featuredmedia":[{"embeddable":true,"href":"https:\/\/www.saiebologna.it\/it\/wp-json\/wp\/v2\/media\/16535"}],"wp:attachment":[{"href":"https:\/\/www.saiebologna.it\/it\/wp-json\/wp\/v2\/media?parent=16279"}],"curies":[{"name":"wp","href":"https:\/\/api.w.org\/{rel}","templated":true}]}}