{"id":16354,"date":"2022-09-08T15:49:09","date_gmt":"2022-09-08T15:49:09","guid":{"rendered":"https:\/\/www.saiebologna.it\/?page_id=16354"},"modified":"2022-10-18T10:27:16","modified_gmt":"2022-10-18T10:27:16","slug":"piazza-cantiere-sostenibile-ais","status":"publish","type":"page","link":"https:\/\/www.saiebologna.it\/it\/piazza-cantiere-sostenibile-ais\/","title":{"rendered":"Piazza Cantiere Sostenibile AIS &#8211; Associazione Italiana per la sostenibilit\u00e0 delle infrastrutture"},"content":{"rendered":"[vc_row equal_height=&#8221;yes&#8221; el_class=&#8221;my-1&#8243;][vc_column][vc_row_inner equal_height=&#8221;yes&#8221; content_placement=&#8221;top&#8221;][vc_column_inner el_class=&#8221;py-lg-2 px-lg-5&#8243; width=&#8221;2\/3&#8243;][vc_column_text]\n<h2>Per un cantiere realmente sostenibile: strategie, indicatori e strumenti di valutazione<\/h2>\n[\/vc_column_text][vc_text_separator title=&#8221;Pad. 29&#8243; i_icon_fontawesome=&#8221;fas fa-map-marker-alt&#8221; i_color=&#8221;green&#8221; title_align=&#8221;separator_align_left&#8221; align=&#8221;align_left&#8221; add_icon=&#8221;true&#8221;][vc_column_text]La <strong>Piazza Cantiere Sostenibile AIS \u2013 Associazione Italiana per la Sostenibilit\u00e0 delle Infrastrutture<\/strong> \u2013 vuole essere un luogo di incontro e di confronto sul tema della <strong>sostenibilit\u00e0 del cantiere<\/strong>.<\/p>\n<p>L\u2019occasione \u00e8 la pubblicazione di un Position paper destinato a consentire a tutti gli attori della filiera di <strong>misurare i livelli di sostenibilit\u00e0 del cantiere in cui operano<\/strong>.<\/p>\n<p>Lo strumento proposto da AIS consente a progettisti e imprese edili di <strong>individuare gli obiettivi di sostenibilit\u00e0, definire le strategie, sia rispetto a singoli aspetti, grazie alla mappa degli indicatori e ai valori ad essi collegati<\/strong>, sia pi\u00f9 in generale rispetto al progetto\/cantiere nel suo insieme. Inoltre grazie all\u2019elaborazione di metriche e punteggi <strong>sar\u00e0 possibile valutare in quale classe di sostenibilit\u00e0 il progetto, cos\u00ec come il cantiere, si collochi<\/strong>. Senza mai perdere di vista il fatto che l\u2019uno (il cantiere) non pu\u00f2 prescindere dall\u2019altro (il progetto), ma anche viceversa. Tanto che sar\u00e0 possibile perseguire e raggiungere risultati diversi e migliori, cambiando strategie, in fase di cantiere. Una possibilit\u00e0 dove <strong>un ruolo molto importante pu\u00f2 essere rivestito dalla digitalizzazione, in grado di alzare l\u2019asticella sia degli obiettivi che dei risultati finali.<\/strong>[\/vc_column_text][vc_column_text]<a class=\"btn btn-lg btn-primary\" href=\"\/it\/contatti\/\">Richiedi informazioni<\/a> <a class=\"btn btn-lg btn-primary my-0\" href=\"\/it\/accredito\/\">Scarica biglietto omaggio<\/a> [\/vc_column_text][\/vc_column_inner][vc_column_inner el_class=&#8221;p-1 p-sm-3 p-lg-4 bg-darker&#8221; width=&#8221;1\/3&#8243; offset=&#8221;vc_hidden-xs&#8221;][vc_wp_custommenu nav_menu=&#8221;13&#8243;][\/vc_column_inner][\/vc_row_inner][\/vc_column][\/vc_row][vc_row equal_height=&#8221;yes&#8221; content_placement=&#8221;middle&#8221; el_class=&#8221;my-1 bg-gray&#8221;][vc_column][vc_row_inner equal_height=&#8221;yes&#8221; content_placement=&#8221;top&#8221;][vc_column_inner el_class=&#8221;col-img&#8221; width=&#8221;1\/3&#8243; css=&#8221;.vc_custom_1662652959092{background-image: url(\/public\/uploads\/sites\/9\/Cantiere.jpg?id=16387) !important;background-position: center !important;background-repeat: no-repeat !important;background-size: cover !important;}&#8221;][\/vc_column_inner][vc_column_inner el_class=&#8221;py-lg-2 px-lg-5&#8243; width=&#8221;2\/3&#8243;][vc_column_text css_animation=&#8221;none&#8221;]\n<h2><strong>La Piazza: dal progetto al cantiere nel segno della sostenibilit\u00e0. Il contributo della digitalizzazione e il confronto con le comunit\u00e0 e il territorio<br \/>\n<\/strong><\/h2>\n[\/vc_column_text][vc_column_text css_animation=&#8221;none&#8221;]Avendo la sostenibilit\u00e0 come stella polare, AIS oltre a presentare il Documento di indirizzo metodologico (position paper 5) su <em>Il Cantiere sostenibile<\/em> promuove nella propria piazza una serie di approfondimenti dedicati a due aspetti collegati strettamente agli obiettivi di sostenibilit\u00e0 di un cantiere.<\/p>\n<p>Da un lato si rifletter\u00e0 su <strong>come una infrastruttura va ad impattare sui territori e sulle comunit\u00e0 locali <\/strong>valorizzando una serie di buone pratiche riguardanti sia la progettazione che la fase realizzativa di un\u2019opera. <strong>Un focus specifico verr\u00e0 dedicato al Dibattito pubblico<\/strong>, mettendo in evidenza aspetti positivi e criticit\u00e0 <strong>guardando anche alla pi\u00f9 ampia dimensione dello Stakeholder engagement<\/strong>.<\/p>\n<p>Il secondo tema riguarder\u00e0 <strong>il ruolo cruciale della digitalizzazione per migliorare le prestazioni di sostenibilit\u00e0 sia nella fase progettuale che in quella del cantiere.<\/strong> Anche in questo caso verranno presentate alcune esperienze di successo e ci si confronter\u00e0 sull\u2019utilit\u00e0 di una serie di tecnologie e di modelli utili a favorire la misurabilit\u00e0 dei risultati.[\/vc_column_text][\/vc_column_inner][\/vc_row_inner][\/vc_column][\/vc_row][vc_row][vc_column][vc_empty_space][vc_separator][\/vc_column][\/vc_row][vc_row equal_height=&#8221;yes&#8221; content_placement=&#8221;middle&#8221; el_class=&#8221;my-1&#8243;][vc_column][vc_row_inner equal_height=&#8221;yes&#8221; content_placement=&#8221;top&#8221;][vc_column_inner el_class=&#8221;py-lg-2 px-lg-5&#8243; width=&#8221;2\/3&#8243;][vc_column_text css_animation=&#8221;none&#8221;]\n<p style=\"text-align: center\"><em>&#8220;O saremo sostenibili o non saremo. AIS ha scelto questo claim per caratterizzare la propria visione di futuro. Nella convinzione che essere sostenibili \u00e8 oggi una scelta ineluttabile. E ci\u00f2 vale anche e forse in modo particolare quando parliamo di infrastrutture.<\/em><\/p>\n<p style=\"text-align: center\"><em>La sostenibilit\u00e0 di una infrastruttura dipende da tanti fattori. Una corretta e condivisa pianificazione facilita l\u2019iter procedurale, riduce i conflitti e quindi garantisce il rispetto dei tempi preventivati; una progettazione di qualit\u00e0 che preveda, in linea con il quadro normativo e di indirizzo definito\u00a0dalle Linee Guida per il\u00a0PFTE, una relazione di sostenibilit\u00e0 attenta agli indicatori e in applicazione del quadro regolatorio\u00a0comunitario ad iniziare dalla \u201ctassonomia\u201d e nel rispetto dei principi del DNSH, d\u00e0 garanzie e orienta in maniera virtuosa e qualitativa la realizzazione dell\u2019opera.<\/em><\/p>\n<p style=\"text-align: center\"><em>Sono questi i riferimenti ai quali guardare per favorire un processo virtuoso di sostenibilit\u00e0. Ed \u00e8 in questo ambito che, attraverso la stretta interazione tra progetto e cantiere, \u00e8 possibile raggiungere quegli obiettivi. La creazione di un cantiere sostenibile parte, infatti, sin dalla fase progettuale, nella quale devono essere poste le basi affinch\u00e9 siano identificati e sviluppati tutti gli elementi di sostenibilit\u00e0 che caratterizzano l\u2019opera infrastrutturale. La rilevanza della fase del cantiere rispetto alla sostenibilit\u00e0 \u00e8 pertanto massima. \u00c8 nel cantiere che si \u00e8 chiamati a vincere le principali sfide poste dalla sostenibilit\u00e0 rispetto a tutte e tre le dimensioni: ambientale, economica e sociale.<\/em><\/p>\n<p style=\"text-align: center\"><em>Questa edizione del SAIE \u00e8 per noi l\u2019occasione per presentare, far conoscere e condividere una proposta innovativa in grado di mettere in condizione stazioni appaltanti, progettisti e imprese di misurare e quindi praticare concretamente la sostenibilit\u00e0, dandosi degli obiettivi e avendo la consapevolezza dei risultati ottenuti\u201d.<\/em><\/p>\n<h5 style=\"text-align: center\">Lorenzo Orsenigo \u2013 Presidente AIS<\/h5>\n[\/vc_column_text][\/vc_column_inner][vc_column_inner el_class=&#8221;py-lg-2 px-lg-5&#8243; width=&#8221;1\/3&#8243;][vc_empty_space height=&#8221;64px&#8221;][vc_column_text]\n<p style=\"text-align: center\"><em>In collaborazione con<\/em><\/p>\n<hr \/>\n[\/vc_column_text][vc_single_image image=&#8221;16365&#8243; img_size=&#8221;&#8221; alignment=&#8221;center&#8221;][\/vc_column_inner][\/vc_row_inner][\/vc_column][\/vc_row][vc_row][vc_column][vc_empty_space][vc_separator][\/vc_column][\/vc_row][vc_row][vc_column][vc_column_text]\n<h3 style=\"text-align: center\"><strong>Anteprima programma Piazza Cantiere Sostenibile AIS <\/strong><\/h3>\n<p style=\"text-align: center\"><em>aggiornato al 7 ottobre 2022<\/em><\/p>\n[\/vc_column_text][vc_empty_space][\/vc_column][\/vc_row][vc_row][vc_column][vc_column_text]\n<h5><\/h5>\n<h5 style=\"text-align: left;padding-left: 120px\"><span style=\"color: #5c9c31\"><strong>Mercoled\u00ec 19 Ottobre<br \/>\n<\/strong><\/span><\/h5>\n<p style=\"padding-left: 120px\"><em>ore 14.30 \u2013 16.00<\/em><\/p>\n<h4 style=\"text-align: left;padding-left: 120px\">Il contributo di AIS per un cantiere sempre pi\u00f9 sostenibile. Presentazione del position paper edito dal gruppo di lavoro omonimo<\/h4>\n<p style=\"padding-left: 120px\"><strong><em>Conduce i lavori Alfredo Martini, Direttore di AIS<\/em><\/strong><\/p>\n<p style=\"text-align: left;padding-left: 120px\">\u2022 Introduzione<br \/>\n<strong>Lorenzo Orsenigo, Presidente AIS<br \/>\nPatrizia Vianello, Coordinatrice del Gruppo di lavoro \u201cIl Cantiere Sostenibile\u201d<br \/>\n<\/strong><br \/>\n\u2022 Illustrazione del documento di indirizzo metodologico<br \/>\n<strong>Silvia Ciraci (ICMQ)<\/strong><\/p>\n<p style=\"padding-left: 120px\">Approfondimenti di: <em>Francesca Tamburini \u2013 Ambiente spa, Daniela Putzu \u2013 Italferr*,\u00a0 Roberto Redaelli &#8211; Harpaceas<\/em><\/p>\n<p>&nbsp;<\/p>\n<p style=\"text-align: right\"><em>*invitata<\/em><\/p>\n[\/vc_column_text][vc_separator align=&#8221;align_left&#8221;][vc_column_text]\n<h5 style=\"text-align: left;padding-left: 120px\"><span style=\"color: #5c9c31\"><strong>Gioved\u00ec 20 Ottobre<\/strong><\/span><\/h5>\n<p style=\"padding-left: 120px\"><em>ore 10.30 \u2013 12.30<\/em><\/p>\n<h4 style=\"text-align: left;padding-left: 120px\">Cantiere, territorio e comunit\u00e0 locali<\/h4>\n<h5 style=\"text-align: left;padding-left: 120px\"><em>Le aziende espositrici raccontano progetti e best practice<\/em><\/h5>\n<p style=\"padding-left: 120px\">Esperienze nazionali ed internazionali di Stakeholder Engagement a confronto<br \/>\n<strong>Francesca Tamburini e Nicola Bertolini<\/strong> &#8211; Ambiente spa<\/p>\n<p style=\"padding-left: 120px\">Il mediatore di Progetto: una figura per facilitare il dialogo tra gli attori del Dibattito Pubblico<br \/>\n<strong>Mauro Di Prete<\/strong> &#8211; Iride<\/p>\n<p style=\"padding-left: 120px\">ENVISION, lo strumento per guidare il processo di Stakeholder Engagement<br \/>\n<strong>Silvia Ciraci<\/strong> &#8211; ICMQ<\/p>\n<p style=\"padding-left: 120px\">TBC Digital Twin per la gestione del ciclo di vita delle infrastrutture complesse<br \/>\n<strong>Antonio Positano<\/strong> &#8211; DBA Group<\/p>\n<p style=\"padding-left: 120px\">Digital Twin per lo stakeholder engagement<br \/>\n<strong>Roberto Redaelli<\/strong> &#8211; Harpaceas<\/p>\n<p style=\"padding-left: 120px\">Strumenti digitali per lo Stakeholder Engagement: Analisi d&#8217;Impatto BIM-GIS<br \/>\n<strong>Davide Di Franco <\/strong>&#8211; One Team<\/p>\n[\/vc_column_text][vc_column_text]\n<p style=\"padding-left: 120px\"><em>ore 14.30 \u2013 16.00<\/em><\/p>\n<h4 style=\"text-align: left;padding-left: 120px\">Dal dibattito pubblico allo Stakeholder engagement<\/h4>\n<p style=\"padding-left: 120px\"><span style=\"text-decoration: underline\">Apertura dei lavori<\/span><\/p>\n<p style=\"padding-left: 120px\"><strong>Lorenzo Orsenigo<\/strong>, presidente AIS e <strong>Patrizia Vianello<\/strong>, coordinatrice GdL AIS \u201cInfrastrutture e Stakeholder engagement\u201d<\/p>\n<p style=\"padding-left: 120px\"><u>Relazione introduttiva<\/u><\/p>\n<p style=\"padding-left: 120px\"><strong>Mauro Di Prete<\/strong> \u2013 Iride<\/p>\n<p style=\"padding-left: 120px\"><em><u>Ne parlano<\/u><\/em>:<\/p>\n<p style=\"padding-left: 120px\"><strong>Nicoletta Antonias<\/strong> \u2013 RFI*<br \/>\n<strong>Rossella Degni<\/strong> \u2013 Autostrade per l\u2019Italia<br \/>\n<strong>Carolina Ercolani<\/strong> &#8211; Italferr*<br \/>\n<strong>Sara Frisiani<\/strong> \u2013 Tecne<br \/>\n<strong>Giovanni Magar\u00f2<\/strong> \u2013 ANAS<\/p>\n<p>&nbsp;<\/p>\n<p style=\"text-align: right\"><em>*invitata<\/em><\/p>\n[\/vc_column_text][vc_separator align=&#8221;align_left&#8221;][vc_column_text]\n<h5 style=\"text-align: left;padding-left: 120px\"><span style=\"color: #5c9c31\"><strong>Venerd\u00ec 21 Ottobre<\/strong><\/span><\/h5>\n<p style=\"text-align: left;padding-left: 120px\"><em>ore 10.30 \u2013 12.30<\/em><\/p>\n<h4 style=\"text-align: left;padding-left: 120px\">Il contributo della digitalizzazione alla sostenibilit\u00e0 del cantiere<\/h4>\n<h5 style=\"text-align: left;padding-left: 120px\"><em>Le aziende espositrici raccontano progetti e best practice<\/em><\/h5>\n<p>&nbsp;<\/p>\n<p style=\"padding-left: 120px\">Esperienze e strumenti per un cantiere digitale: dai building alle infrastrutture<br \/>\n<strong>Riccardo Perego<\/strong> &#8211; One Team<\/p>\n<p style=\"padding-left: 120px\">L\u2019informatizzazione dei processi nella gestione dei cantieri complessi<br \/>\n<strong>Joselito Panzica<\/strong> &#8211; DBA Group<\/p>\n<p style=\"padding-left: 120px\">BIM e cantiere sostenibile: dal sistema di gestione alle competenze<br \/>\n<strong>Elena Benzoni<\/strong> &#8211; ICMQ<\/p>\n<p style=\"padding-left: 120px\">I sistemi di gestione del monitoraggio quale implementazione del sistema di digitalizzazione del progetto<br \/>\n<strong>Valerio Veraldi<\/strong> &#8211; Iride<\/p>\n<p style=\"padding-left: 120px\">Ottimizzazione dei tracciati di infrastrutture viarie con l\u2019obiettivo del risparmio di CO2<br \/>\n<strong>Ada Frascarino <\/strong>&#8211; Harpaceas<\/p>\n<p style=\"padding-left: 120px\">Smart Waters nel cantiere sostenibile<br \/>\n<strong>Andrea Lucioni<\/strong> Ambiente spa<\/p>\n[\/vc_column_text][vc_column_text]\n<p style=\"padding-left: 120px\"><em>ore 14.30 \u2013 16.00<\/em><\/p>\n<h4 style=\"text-align: left;padding-left: 120px\">Il &#8220;cantiere&#8221; aperto alla digitalizzazione<\/h4>\n<p style=\"padding-left: 120px\"><em><u>Introduzione<br \/>\n<\/u><\/em><strong>Luca Ferrari<\/strong>, vicepresidente AIS<\/p>\n<p style=\"padding-left: 120px\"><em><u>Tavola rotonda<br \/>\n<\/u><\/em><strong>Andrea Minerdo<\/strong> (Harpaceas), <strong>Joselito Panzica<\/strong> (DBA Group) e <strong>Riccardo Perego<\/strong> (One Team) ne parlano con rappresentanti di stazioni appaltanti, societ\u00e0 di progettazione e imprese.<\/p>\n[\/vc_column_text][vc_empty_space][\/vc_column][\/vc_row][vc_row][vc_column][vc_row_inner][vc_column_inner][vc_separator][\/vc_column_inner][\/vc_row_inner][vc_row_inner][vc_column_inner width=&#8221;1\/6&#8243;][vc_single_image image=&#8221;16374&#8243; img_size=&#8221;&#8221; alignment=&#8221;center&#8221;][\/vc_column_inner][vc_column_inner width=&#8221;1\/6&#8243;][vc_single_image image=&#8221;16376&#8243; img_size=&#8221;&#8221; alignment=&#8221;center&#8221;][\/vc_column_inner][vc_column_inner width=&#8221;1\/6&#8243;][vc_single_image image=&#8221;14814&#8243; img_size=&#8221;&#8221; alignment=&#8221;center&#8221;][\/vc_column_inner][vc_column_inner width=&#8221;1\/6&#8243;][vc_single_image image=&#8221;16378&#8243; img_size=&#8221;&#8221; alignment=&#8221;center&#8221;][\/vc_column_inner][vc_column_inner width=&#8221;1\/6&#8243;][vc_single_image image=&#8221;16380&#8243; img_size=&#8221;&#8221; alignment=&#8221;center&#8221;][\/vc_column_inner][vc_column_inner width=&#8221;1\/6&#8243;][vc_single_image image=&#8221;16382&#8243; img_size=&#8221;&#8221; alignment=&#8221;center&#8221;][\/vc_column_inner][\/vc_row_inner][vc_separator][\/vc_column][\/vc_row][vc_row][vc_column][vc_row_inner][vc_column_inner width=&#8221;1\/4&#8243;][\/vc_column_inner][vc_column_inner width=&#8221;1\/2&#8243;][vc_empty_space height=&#8221;64px&#8221;][vc_column_text]\n<h4 style=\"text-align: center\">SAIE in partnership con<\/h4>\n[\/vc_column_text][vc_single_image image=&#8221;14431&#8243; img_size=&#8221;medium&#8221; alignment=&#8221;center&#8221; onclick=&#8221;custom_link&#8221; img_link_target=&#8221;_blank&#8221; link=&#8221;https:\/\/www.bper.it\/imprese-professionisti\/pnrr&#8221;][\/vc_column_inner][vc_column_inner width=&#8221;1\/4&#8243;][\/vc_column_inner][\/vc_row_inner][\/vc_column][\/vc_row]\n","protected":false},"excerpt":{"rendered":"<p>[vc_row equal_height=&#8221;yes&#8221; el_class=&#8221;my-1&#8243;][vc_column][vc_row_inner equal_height=&#8221;yes&#8221; content_placement=&#8221;top&#8221;][vc_column_inner el_class=&#8221;py-lg-2 px-lg-5&#8243; width=&#8221;2\/3&#8243;][vc_column_text] Per un cantiere realmente sostenibile: strategie, indicatori e strumenti di valutazione [\/vc_column_text][vc_text_separator title=&#8221;Pad. 29&#8243; i_icon_fontawesome=&#8221;fas fa-map-marker-alt&#8221; i_color=&#8221;green&#8221; title_align=&#8221;separator_align_left&#8221; align=&#8221;align_left&#8221; add_icon=&#8221;true&#8221;][vc_column_text]La Piazza Cantiere Sostenibile AIS \u2013 Associazione Italiana per la Sostenibilit\u00e0 delle Infrastrutture \u2013 vuole essere un luogo di incontro e di confronto sul tema della sostenibilit\u00e0 del [&hellip;]<\/p>\n","protected":false},"author":12,"featured_media":16385,"parent":0,"menu_order":0,"comment_status":"closed","ping_status":"closed","template":"","meta":[],"acf":[],"aioseo_notices":[],"_links":{"self":[{"href":"https:\/\/www.saiebologna.it\/it\/wp-json\/wp\/v2\/pages\/16354"}],"collection":[{"href":"https:\/\/www.saiebologna.it\/it\/wp-json\/wp\/v2\/pages"}],"about":[{"href":"https:\/\/www.saiebologna.it\/it\/wp-json\/wp\/v2\/types\/page"}],"author":[{"embeddable":true,"href":"https:\/\/www.saiebologna.it\/it\/wp-json\/wp\/v2\/users\/12"}],"replies":[{"embeddable":true,"href":"https:\/\/www.saiebologna.it\/it\/wp-json\/wp\/v2\/comments?post=16354"}],"version-history":[{"count":2,"href":"https:\/\/www.saiebologna.it\/it\/wp-json\/wp\/v2\/pages\/16354\/revisions"}],"predecessor-version":[{"id":17718,"href":"https:\/\/www.saiebologna.it\/it\/wp-json\/wp\/v2\/pages\/16354\/revisions\/17718"}],"wp:featuredmedia":[{"embeddable":true,"href":"https:\/\/www.saiebologna.it\/it\/wp-json\/wp\/v2\/media\/16385"}],"wp:attachment":[{"href":"https:\/\/www.saiebologna.it\/it\/wp-json\/wp\/v2\/media?parent=16354"}],"curies":[{"name":"wp","href":"https:\/\/api.w.org\/{rel}","templated":true}]}}