{"id":29154,"date":"2026-02-26T16:31:39","date_gmt":"2026-02-26T16:31:39","guid":{"rendered":"https:\/\/www.saiebologna.it\/?page_id=29154"},"modified":"2026-02-26T16:31:39","modified_gmt":"2026-02-26T16:31:39","slug":"grazie","status":"publish","type":"page","link":"https:\/\/www.saiebologna.it\/it\/lab\/edifici-industriali-logistici\/grazie\/","title":{"rendered":"Grazie per esserti registrato &#8211; Reggio Emilia"},"content":{"rendered":"[vc_row equal_height=&#8221;yes&#8221; el_class=&#8221;my-1&#8243;][vc_column el_class=&#8221;p-1 p-sm-3 p-lg-4 text-center&#8221; offset=&#8221;vc_col-md-offset-2 vc_col-md-8&#8243;][vc_column_text]\n<p style=\"text-align: left\"><img decoding=\"async\" loading=\"lazy\" class=\"wp-image-8741 aligncenter\" src=\"\/public\/uploads\/sites\/13\/LOGO_SAIELab.jpg\" alt=\"\" width=\"243\" height=\"97\" \/><\/p>\n[\/vc_column_text][vc_separator][vc_column_text el_class=&#8221;text-area&#8221;]\n<h5>La tua richiesta \u00e8 stata correttamente inviata.<\/h5>\n<p>Ti aspettiamo all&#8217;evento<strong> &#8220;SAIE Lab &#8211; Logistica ad alta intensit\u00e0: pavimenti industriali e scaffalature, un sistema integrato&#8221;<\/strong> che si terr\u00e0 il giorno <strong>20 marzo 2026<\/strong> presso l\u2019Auditorium Loris Malaguzzi di Reggio Emilia.<\/p>\n<p><a class=\"btn btn-lg btn-primary my-2\" href=\"https:\/\/www.saiebologna.it\/it\/lab\/edifici-industriali-logistici\/\">Rimani aggiornato sul programma dell&#8217;evento<\/a>[\/vc_column_text][\/vc_column][\/vc_row]\n","protected":false},"excerpt":{"rendered":"<p>[vc_row equal_height=&#8221;yes&#8221; el_class=&#8221;my-1&#8243;][vc_column el_class=&#8221;p-1 p-sm-3 p-lg-4 text-center&#8221; offset=&#8221;vc_col-md-offset-2 vc_col-md-8&#8243;][vc_column_text] [\/vc_column_text][vc_separator][vc_column_text el_class=&#8221;text-area&#8221;] La tua richiesta \u00e8 stata correttamente inviata. Ti aspettiamo all&#8217;evento &#8220;SAIE Lab &#8211; Logistica ad alta intensit\u00e0: pavimenti industriali e scaffalature, un sistema integrato&#8221; che si terr\u00e0 il giorno 20 marzo 2026 presso l\u2019Auditorium Loris Malaguzzi di Reggio Emilia. Rimani aggiornato sul programma dell&#8217;evento[\/vc_column_text][\/vc_column][\/vc_row]<\/p>\n","protected":false},"author":33,"featured_media":0,"parent":28962,"menu_order":0,"comment_status":"closed","ping_status":"closed","template":"page-landing-noheader.php","meta":[],"acf":[],"aioseo_notices":[],"_links":{"self":[{"href":"https:\/\/www.saiebologna.it\/it\/wp-json\/wp\/v2\/pages\/29154"}],"collection":[{"href":"https:\/\/www.saiebologna.it\/it\/wp-json\/wp\/v2\/pages"}],"about":[{"href":"https:\/\/www.saiebologna.it\/it\/wp-json\/wp\/v2\/types\/page"}],"author":[{"embeddable":true,"href":"https:\/\/www.saiebologna.it\/it\/wp-json\/wp\/v2\/users\/33"}],"replies":[{"embeddable":true,"href":"https:\/\/www.saiebologna.it\/it\/wp-json\/wp\/v2\/comments?post=29154"}],"version-history":[{"count":1,"href":"https:\/\/www.saiebologna.it\/it\/wp-json\/wp\/v2\/pages\/29154\/revisions"}],"predecessor-version":[{"id":29155,"href":"https:\/\/www.saiebologna.it\/it\/wp-json\/wp\/v2\/pages\/29154\/revisions\/29155"}],"up":[{"embeddable":true,"href":"https:\/\/www.saiebologna.it\/it\/wp-json\/wp\/v2\/pages\/28962"}],"wp:attachment":[{"href":"https:\/\/www.saiebologna.it\/it\/wp-json\/wp\/v2\/media?parent=29154"}],"curies":[{"name":"wp","href":"https:\/\/api.w.org\/{rel}","templated":true}]}}