{"id":30821,"date":"2026-04-30T14:46:09","date_gmt":"2026-04-30T14:46:09","guid":{"rendered":"https:\/\/www.saiebologna.it\/?page_id=30821"},"modified":"2026-05-04T09:48:19","modified_gmt":"2026-05-04T09:48:19","slug":"piazza-legno","status":"publish","type":"page","link":"https:\/\/www.saiebologna.it\/it\/piazza-legno\/","title":{"rendered":"Piazza Legno"},"content":{"rendered":"[vc_row equal_height=&#8221;yes&#8221;][vc_column][vc_row_inner equal_height=&#8221;yes&#8221; content_placement=&#8221;middle&#8221;][vc_column_inner el_class=&#8221;py-lg-2 px-lg-5 text-left&#8221; width=&#8221;1\/2&#8243;][vc_column_text]\n<h2 style=\"text-align: left;font-size: 39px\">Piazza Legno<\/h2>\n<p class=\"subtitle\" style=\"font-size: 24px;text-align: left\"><span style=\"color: #667085\"><strong>Il settore espositivo dedicato al costruire in legno<\/strong><\/span><\/p>\n[\/vc_column_text][vc_column_text]Tra le novit\u00e0 di SAIE Bologna 2026, <strong>Piazza Legno<\/strong> \u00e8 l&#8217;area dedicata al crescente ruolo del legno nelle costruzioni, tra innovazione, sostenibilit\u00e0 e qualit\u00e0 progettuale. Un\u2019area che offre soluzioni concrete, dai materiali ai sistemi costruttivi, per nuove realizzazioni e riqualificazioni, che diventa punto di incontro tra imprese e professionisti. Insieme all\u2019esposizione delle principali novit\u00e0 di prodotto per il mercato, un programma di workshop, dimostrazioni e approfondimenti sui temi chiave del settore.[\/vc_column_text][vc_column_text]<a class=\"btn btn-lg btn-primary\" href=\"#form\">Richiedi informazioni<\/a>[\/vc_column_text][vc_empty_space height=&#8221;60px&#8221;][\/vc_column_inner][vc_column_inner el_class=&#8221;py-lg-2 px-lg-3 bg-darker&#8221; width=&#8221;1\/2&#8243;][vc_empty_space height=&#8221;40px&#8221;][vc_column_text]\n<h4>Esporre a Piazza Legno significa:<\/h4>\n[\/vc_column_text][vc_column_text]<span style=\"color: #eb5b37;font-size: 34px\"><b>01 <\/b><\/span><span style=\"font-size: 20px\"><strong>Moltiplicare <\/strong>i tuoi contatti commerciali e consolidare l\u2019immagine aziendale sul mercato<\/span>[\/vc_column_text][vc_column_text]<span style=\"color: #eb5b37;font-size: 34px\"><b>02 <\/b><\/span><span style=\"font-size: 20px\"><strong>Interagire <\/strong>con la community di SAIE composta da 311.838 operatori dell&#8217;edilizia<\/span>[\/vc_column_text][vc_column_text]<span style=\"color: #eb5b37;font-size: 34px\"><b>03 <\/b><\/span><span style=\"font-size: 20px\"><strong>Proporre nuove soluzioni<\/strong> per i professionisti del cantiere<\/span>[\/vc_column_text][vc_column_text]<span style=\"color: #eb5b37;font-size: 34px\"><b>04 <\/b><\/span><span style=\"font-size: 20px\"><strong>Incontrare<\/strong> nuovi partner commerciali, distributori e fornitori<\/span>[\/vc_column_text][vc_column_text]<span style=\"color: #eb5b37;font-size: 34px\"><b>04 <\/b><\/span><span style=\"font-size: 20px\"><strong>Raccontare <\/strong>progetti di successo attraverso iniziative speciali e attivit\u00e0 dimostrative dedicate ai trend del nuovo costruire: workshop, presentazione di prodotti rappresentativi, case history di progetti di eccellenza, arene show.<\/span>[\/vc_column_text][\/vc_column_inner][\/vc_row_inner][vc_row_inner][vc_column_inner][vc_empty_space height=&#8221;18px&#8221;][\/vc_column_inner][\/vc_row_inner][\/vc_column][\/vc_row][vc_row css=&#8221;.vc_custom_1762860238321{background-color: #f8b43f !important;}&#8221;][vc_column][vc_column_text css=&#8221;.vc_custom_1762860776038{margin-left: 24px !important;padding-left: 30px !important;}&#8221;]\n<h4 class=\"\"><span style=\"color: #ffffff\">I numeri di SAIE 2024<\/span><\/h4>\n[\/vc_column_text][vc_row_inner][vc_column_inner width=&#8221;1\/5&#8243; css=&#8221;.vc_custom_1762860433940{border-right-width: 1px !important;padding-top: 2px !important;padding-bottom: 2px !important;border-right-color: #ffffff !important;border-right-style: solid !important;}&#8221;][vc_column_text]\n<div class=\"big-number\" style=\"text-align: center\"><span style=\"color: #ffffff\"><strong><span style=\"font-size: 62px\">40.277<\/span><\/strong><\/span><\/div>\n<div class=\"big-number\" style=\"text-align: center\"><span style=\"color: #ffffff\"><strong><span style=\"font-size: 24px\">presenze<br \/>\nprofessionali<\/span><\/strong><\/span><\/div>\n[\/vc_column_text][\/vc_column_inner][vc_column_inner width=&#8221;1\/5&#8243; css=&#8221;.vc_custom_1762860599447{border-right-width: 1px !important;padding-top: 2px !important;padding-bottom: 2px !important;border-right-color: #ffffff !important;border-right-style: solid !important;}&#8221;][vc_column_text]\n<div class=\"big-number\" style=\"text-align: center\"><span style=\"color: #ffffff\"><strong><span style=\"font-size: 62px\">560<\/span><\/strong><\/span><\/div>\n<div class=\"big-number\" style=\"text-align: center\"><span style=\"color: #ffffff\"><strong><span style=\"font-size: 24px\">aziende<br \/>\npresenti<\/span><\/strong><\/span><\/div>\n[\/vc_column_text][\/vc_column_inner][vc_column_inner width=&#8221;1\/5&#8243; css=&#8221;.vc_custom_1762860654545{border-right-width: 1px !important;padding-top: 2px !important;padding-bottom: 2px !important;border-right-color: #ffffff !important;border-right-style: solid !important;}&#8221;][vc_column_text]\n<div class=\"big-number\" style=\"text-align: center\"><span style=\"color: #ffffff\"><strong><span style=\"font-size: 62px\">232<\/span><\/strong><\/span><\/div>\n<div class=\"big-number\" style=\"text-align: center\"><span style=\"color: #ffffff\"><strong><span style=\"font-size: 24px\">convegni<br \/>\nformativi<\/span><\/strong><\/span><\/div>\n[\/vc_column_text][\/vc_column_inner][vc_column_inner width=&#8221;1\/5&#8243; css=&#8221;.vc_custom_1762860731845{border-right-width: 1px !important;padding-top: 2px !important;padding-bottom: 2px !important;border-right-color: #ffffff !important;border-right-style: solid !important;}&#8221;][vc_column_text]\n<div class=\"big-number\" style=\"text-align: center\"><span style=\"color: #ffffff\"><strong><span style=\"font-size: 62px\">29<\/span><\/strong><\/span><\/div>\n<div class=\"big-number\" style=\"text-align: center\"><span style=\"color: #ffffff\"><strong><span style=\"font-size: 24px\">iniziative<br \/>\nspeciali<\/span><\/strong><\/span><\/div>\n[\/vc_column_text][\/vc_column_inner][vc_column_inner width=&#8221;1\/5&#8243;][vc_column_text]\n<div class=\"big-number\" style=\"text-align: center\"><span style=\"color: #ffffff\"><strong><span style=\"font-size: 62px\">48<\/span><\/strong><\/span><\/div>\n<div class=\"big-number\" style=\"text-align: center\"><span style=\"color: #ffffff\"><strong><span style=\"font-size: 24px\">associazioni<br \/>\npartner<\/span><\/strong><\/span><\/div>\n[\/vc_column_text][\/vc_column_inner][\/vc_row_inner][vc_row_inner][vc_column_inner css=&#8221;.vc_custom_1762860433940{border-right-width: 1px !important;padding-top: 2px !important;padding-bottom: 2px !important;border-right-color: #ffffff !important;border-right-style: solid !important;}&#8221;][vc_empty_space height=&#8221;12px&#8221;][\/vc_column_inner][\/vc_row_inner][\/vc_column][\/vc_row][vc_row equal_height=&#8221;yes&#8221;][vc_column][vc_row_inner equal_height=&#8221;yes&#8221; content_placement=&#8221;top&#8221;][vc_column_inner el_class=&#8221;col-img&#8221; width=&#8221;1\/2&#8243; css=&#8221;.vc_custom_1777561988109{background-image: url(\/public\/uploads\/sites\/9\/IMG_PIAZZA_LEGNO.jpg?id=30825) !important;background-position: center !important;background-repeat: no-repeat !important;background-size: cover !important;}&#8221;][\/vc_column_inner][vc_column_inner el_class=&#8221;py-lg-2 px-lg-3&#8243; width=&#8221;1\/2&#8243;][vc_column_text]\n<h4>Le Iniziative Speciali di Piazza Legno<\/h4>\n[\/vc_column_text][vc_column_text]<span style=\"color: #339966\"><strong><span style=\"color: #eb5b37\">AREA ESPOSITIVA E DEMO LIVE<\/span><\/strong><\/span><br \/>\nProdotti, soluzioni e dettagli costruttivi mostrati in modo pratico.[\/vc_column_text][vc_separator][vc_column_text]<span style=\"color: #339966\"><strong><span style=\"color: #eb5b37\">FORMAZIONE CONCRETA<br \/>\n<\/span><\/strong><\/span>Sessioni tecniche, workshop e confronto diretto tra imprese, progettisti e mercato.[\/vc_column_text][vc_separator][vc_column_text]<span style=\"color: #339966\"><strong><span style=\"color: #eb5b37\">CONTENUTI AD ALTO VALORE<br \/>\n<\/span><\/strong><\/span>Focus su AI, decarbonizzazione, sismica e durabilit\u00e0 con esperti del settore. [\/vc_column_text][vc_separator][vc_column_text]<span style=\"color: #339966\"><strong><span style=\"color: #eb5b37\">ESPERIENZA IMMERSIVA E CASE HISTORY<br \/>\n<\/span><\/strong><\/span>Materiali, installazioni e mockup in scala reale per vivere il costruire in legno. [\/vc_column_text][vc_column_text]<a class=\"btn btn-lg btn-primary\" href=\"#form\">Richiedi informazioni<\/a>[\/vc_column_text][\/vc_column_inner][\/vc_row_inner][vc_row_inner][vc_column_inner][vc_empty_space height=&#8221;18px&#8221;][\/vc_column_inner][\/vc_row_inner][\/vc_column][\/vc_row][vc_row equal_height=&#8221;yes&#8221;][vc_column width=&#8221;1\/2&#8243; css=&#8221;.vc_custom_1762877058545{background-color: #fcf9f5 !important;}&#8221;][vc_row_inner][vc_column_inner el_class=&#8221;py-lg-2 px-lg-3&#8243;][vc_text_separator title=&#8221;<\/p>\n<h5>I visitatori di Piazza Legno<\/h5>\n<p>&#8221; i_icon_fontawesome=&#8221;fas fa-users&#8221; i_color=&#8221;orange&#8221; i_background_style=&#8221;rounded-outline&#8221; i_background_color=&#8221;orange&#8221; title_align=&#8221;separator_align_left&#8221; align=&#8221;align_left&#8221; color=&#8221;custom&#8221; add_icon=&#8221;true&#8221; accent_color=&#8221;#fcf9f5&#8243;][vc_column_text]\n<h6>Progettisti | Architetti | Ingegneri | Geometri | Studi Tecnici | Imprese Edili | Installatori e operatori | Specializzati | Produttori e fornitori della filiera legno | Serramentisti | Carpentieri | Direttori Lavori<\/h6>\n[\/vc_column_text][vc_separator][vc_column_text]\n<table class=\"table-fluid\">\n<tbody>\n<tr style=\"height: 50px\">\n<td style=\"width: 30%\">\n<p style=\"text-align: left\"><img decoding=\"async\" loading=\"lazy\" class=\"wp-image-19107 alignleft\" src=\"\/public\/uploads\/sites\/9\/71.gif\" alt=\"\" width=\"71\" height=\"71\" \/><\/p>\n<p style=\"text-align: left\"><span style=\"color: #eb5b37\"><strong>SCOPRIRE<br \/>\n<\/strong><\/span><span style=\"color: #eb5b37\"><strong>NOVIT\u00c0<br \/>\n<span style=\"color: #fcf9f5\">&#8230;<\/span><\/strong><\/span><\/p>\n<\/td>\n<td style=\"width: 30%\">\n<p style=\"text-align: left\"><img decoding=\"async\" loading=\"lazy\" class=\"wp-image-19100 alignleft\" src=\"\/public\/uploads\/sites\/9\/65.gif\" alt=\"\" width=\"71\" height=\"71\" \/><\/p>\n<p style=\"text-align: left\"><span style=\"color: #eb5b37\"><strong>INFORMAZIONI<br \/>\n<\/strong><\/span><span style=\"color: #eb5b37\"><strong>SU PRODOTTI E SERVIZI<\/strong><\/span><\/p>\n<\/td>\n<td style=\"width: 30%\">\n<p style=\"text-align: left\"><img decoding=\"async\" loading=\"lazy\" class=\"wp-image-19105 alignleft\" src=\"\/public\/uploads\/sites\/9\/47-1.gif\" alt=\"\" width=\"71\" height=\"71\" \/><\/p>\n<p style=\"text-align: left\"><span style=\"color: #eb5b37\"><strong>FORMAZIONE,<br \/>\n<\/strong><\/span><span style=\"color: #eb5b37\"><strong>AGGIORNAMENTO TECNICO<\/strong><\/span><\/p>\n<\/td>\n<\/tr>\n<\/tbody>\n<\/table>\n[\/vc_column_text][vc_column_text]\n<p style=\"text-align: right\"><span style=\"color: #f7b43e;font-size: 14px\"><em>*Dati relativi alla Customer Satisfaction di SAIE BOLOGNA 2024<\/em><\/span><\/p>\n[\/vc_column_text][\/vc_column_inner][\/vc_row_inner][\/vc_column][vc_column width=&#8221;1\/2&#8243; css=&#8221;.vc_custom_1762877066448{background-color: #fcf5e3 !important;}&#8221;][vc_row_inner][vc_column_inner el_class=&#8221;py-lg-2 px-lg-3&#8243;][vc_text_separator title=&#8221;<\/p>\n<h5>Tematiche e approfondimenti<\/h5>\n<p>&#8221; i_icon_fontawesome=&#8221;fas fa-angle-right&#8221; i_color=&#8221;orange&#8221; i_background_style=&#8221;rounded-outline&#8221; i_background_color=&#8221;orange&#8221; title_align=&#8221;separator_align_left&#8221; align=&#8221;align_left&#8221; color=&#8221;orange&#8221; add_icon=&#8221;true&#8221;][vc_column_text]\n<ul>\n<li>Sistemi costruttivi in legno e soluzioni per nuove costruzionie riqualificazioni<\/li>\n<li>Materiali, componenti e tecnologie performanti<\/li>\n<li>Giunti, fissaggi e dettagli costruttivi<\/li>\n<li>Sicurezza sismica e sistema Press-Lam<\/li>\n<li>Sostenibilit\u00e0, decarbonizzazione, durabilit\u00e0 e ciclo di vita degli edifici<\/li>\n<li>Intelligenza artificiale e strumenti per progettazione e gestione dell\u2019edificio in legno<\/li>\n<\/ul>\n[\/vc_column_text][vc_empty_space][\/vc_column_inner][\/vc_row_inner][\/vc_column][\/vc_row][vc_row][vc_column][vc_empty_space height=&#8221;60px&#8221;][\/vc_column][\/vc_row][vc_row][vc_column width=&#8221;1\/6&#8243;][\/vc_column][vc_column width=&#8221;2\/3&#8243;][vc_row_inner css=&#8221;.vc_custom_1762982339018{background-color: #fcf9f5 !important;}&#8221;][vc_column_inner css=&#8221;.vc_custom_1762982313381{background-color: #fcf9f5 !important;}&#8221;][vc_column_text el_id=&#8221;form&#8221;]\n<h3 style=\"text-align: center\">Partecipa a SAIE 2026 come espositore nella Piazza Legno!<\/h3>\n<p style=\"text-align: center\">Compila il form per ottenere tutte le informazioni necessarie per esporre in fiera.<\/p>\n<p style=\"text-align: center\"><form method=\"post\" enctype=\"multipart\/form-data\" id=\"vfbp-form-1\" onSubmit=\"dataLayer.push({'event':'form_submission','user_type':jQuery('[name=vfb-field-30]:checked').val()});\" class=\"vfbp-form\"><div style=\"display:none;\"><label for=\"vfbp-EMAIL-AN8fuQyoDLXem\">If you are human, leave this field blank.<\/label><input size=\"25\" autocomplete=\"off\" type=\"text\" name=\"vfbp-EMAIL-AN8fuQyoDLXem\" value=\"\" id=\"\"><\/div><input type=\"hidden\" name=\"_vfb-timestamp-1\" value=\"1778141718\" id=\"\"><input type=\"hidden\" name=\"_vfb-form-id\" value=\"1\" id=\"\"><div class=\"vfb-col-6 vfb-fieldType-text\" id=\"vfbField1\"><div class=\"vfb-form-group\"><label for=\"vfb-field-1\" class=\"vfb-control-label\">Ragione sociale <span class=\"vfb-required-asterisk\">*<\/span><\/label><div><input id=\"vfb-field-1\" class=\"vfb-form-control\" placeholder=\"\" required=\"required\" type=\"text\" name=\"vfb-field-1\" value=\"\"><\/div><\/div><\/div><div class=\"vfb-col-6 vfb-fieldType-text\" id=\"vfbField2\"><div class=\"vfb-form-group\"><label for=\"vfb-field-2\" class=\"vfb-control-label\">Nome <span class=\"vfb-required-asterisk\">*<\/span><\/label><div><input id=\"vfb-field-2\" class=\"vfb-form-control\" placeholder=\"\" required=\"required\" type=\"text\" name=\"vfb-field-2\" value=\"\"><\/div><\/div><\/div><div class=\"vfb-clearfix\"><\/div><div class=\"vfb-col-6 vfb-fieldType-text\" id=\"vfbField3\"><div class=\"vfb-form-group\"><label for=\"vfb-field-3\" class=\"vfb-control-label\">Cognome <span class=\"vfb-required-asterisk\">*<\/span><\/label><div><input id=\"vfb-field-3\" class=\"vfb-form-control\" placeholder=\"\" required=\"required\" type=\"text\" name=\"vfb-field-3\" value=\"\"><\/div><\/div><\/div><div class=\"vfb-col-6 vfb-fieldType-text\" id=\"vfbField4\"><div class=\"vfb-form-group\"><label for=\"vfb-field-4\" class=\"vfb-control-label\">Telefono <span class=\"vfb-required-asterisk\">*<\/span><\/label><div><input id=\"vfb-field-4\" class=\"vfb-form-control\" placeholder=\"\" required=\"required\" type=\"text\" name=\"vfb-field-4\" value=\"\"><\/div><\/div><\/div><div class=\"vfb-clearfix\"><\/div><div class=\"vfb-col-6 vfb-fieldType-email\" id=\"vfbField5\"><div class=\"vfb-form-group\"><label for=\"vfb-field-5\" class=\"vfb-control-label\">Email <span class=\"vfb-required-asterisk\">*<\/span><\/label><div><input id=\"vfb-field-5\" class=\"vfb-form-control\" placeholder=\"\" required=\"required\" type=\"email\" name=\"vfb-field-5\" value=\"\"><\/div><\/div><\/div><div class=\"vfb-col-6 vfb-fieldType-url\" id=\"vfbField6\"><div class=\"vfb-form-group\"><label for=\"vfb-field-6\" class=\"vfb-control-label\">Sito web<\/label><div><input id=\"vfb-field-6\" class=\"vfb-form-control\" placeholder=\"\" type=\"url\" name=\"vfb-field-6\" value=\"\"><\/div><\/div><\/div><div class=\"vfb-clearfix\"><\/div><div class=\"vfb-col-6 vfb-fieldType-select\" id=\"vfbField7\"><label for=\"vfb-field-7\" class=\"vfb-control-label\">Aree tematiche di interesse<\/label><div><div class=\"vfb-form-group\"><select id=\"vfb-field-7\" class=\"vfb-form-control\" placeholder=\"\" name=\"vfb-field-7\"><option value=\"\" selected=\"selected\"><\/option><option value=\"Progettazione e Digitalizzazione\">Progettazione e Digitalizzazione<\/option><option value=\"Edilizia\">Edilizia<\/option><option value=\"Impianti\">Impianti<\/option><option value=\"Servizi e media\">Servizi e media<\/option><\/select><\/div><\/div><\/div><div class=\"vfb-col-6 vfb-fieldType-radio\" id=\"vfbField30\"><label for=\"vfb-field-30\" class=\"vfb-control-label\">Interessato a: <span class=\"vfb-required-asterisk\">*<\/span><\/label><div><div class=\"vfb-inline-group\"><div class=\"vfb-radio\"><label><input id=\"vfb-field-30-0\" class=\"\" placeholder=\"\" required=\"required\" type=\"radio\" name=\"vfb-field-30\" value=\"ESPORRE\">ESPORRE<\/label><\/div><div class=\"vfb-radio\"><label><input id=\"vfb-field-30-1\" class=\"\" placeholder=\"\" required=\"required\" type=\"radio\" name=\"vfb-field-30\" value=\"VISITARE\">VISITARE<\/label><\/div><\/div><\/div><\/div><div class=\"vfb-clearfix\"><\/div><div class=\"vfb-col-12 vfb-fieldType-textarea\" id=\"vfbField9\"><div class=\"vfb-form-group\"><label for=\"vfb-field-9\" class=\"vfb-control-label\">Messaggio<\/label><div><textarea id=\"vfb-field-9\" class=\"vfb-form-control\" placeholder=\"\" rows=\"10\" name=\"vfb-field-9\" cols=\"50\"><\/textarea><\/div><\/div><\/div><div class=\"vfb-clearfix\"><\/div><div class=\"vfb-col-12 vfb-fieldType-checkbox\" id=\"vfbField10\"><label for=\"vfb-field-10\" class=\"vfb-control-label\">Informativa sulla privacy <span class=\"vfb-required-asterisk\">*<\/span><\/label><div><div class=\"vfb-checkbox\"><label><input id=\"vfb-field-10-0\" class=\"\" placeholder=\"\" data-vfb-multiple=\"vfb-field-10\" required=\"required\" type=\"checkbox\" name=\"vfb-field-10[0]\" value=\"1\">Dichiaro di aver letto l'<a href=\"https:\/\/www.saiebologna.it\/it\/privacy\/\" target=\"_blank\">informativa sulla privacy<\/a><\/label><\/div><span class=\"vfb-help-block\">Nota informativa art.13 del Regolamento Europeo sulla Protezione dei Dati n. 2016\/679 \u2013 GDPR. Il Vostro nominativo, indirizzo e-mail, indirizzo postale e Ragione Sociale sono utilizzati per l'invio dei messaggi di questo servizio. Il Titolare del trattamento dei dati \u00e8: SENAF srl via Eritrea n. 21\/A - 20157 Milano \u2013 Gruppo Tecniche Nuove. Siete stati contattati perch\u00e9 i Vostri dati sono presenti su banche dati pubbliche e del Gruppo Tecniche Nuove in cui vi \u00e8 anche SENAF srl. I vostri dati saranno trattati manualmente ed elettronicamente. I dati potranno essere comunicati a societ\u00e0 da noi incaricate e potranno essere utilizzati per fini statistici e azioni informative commerciali, mediante invio di mail, telefonate o contatti su canali social. La base giuridica del trattamento \u00e8 il consenso rilasciato in fase di registrazione al Gruppo Tecniche Nuove ed il periodo di conservazione \u00e8 definito sulla del criterio della richiesta di cancellazione. E' Vostro diritto richiedere la modifica o la cancellazione, secondo gli articoli da 15 a 22 del GDPR, dei Vostri dati in nostro possesso mediante una richiesta Senaf srl via Eritrea 21\/A \u2013 20157 Milano o e-mail: privacy@senaf.it. Per maggiori informazioni sull\u2019utilizzo dei dati visita la pagina: http:\/\/www.senaf.it\/it\/privacy\/.<\/span><\/div><\/div><div class=\"vfb-clearfix\"><\/div><div class=\"vfb-col-12 vfb-fieldType-captcha\" id=\"vfbField68\"><div class=\"vfb-form-group\"><label for=\"vfb-field-68\" class=\"vfb-control-label\">Captcha <span class=\"vfb-required-asterisk\">*<\/span><\/label><div><div class=\"g-recaptcha\" data-sitekey=\"6LdBghgpAAAAACE_aozVsRHi4beZukLEp3D3KaIQ\"><\/div><input type=\"hidden\" name=\"_vfb_recaptcha_enabled\" value=\"1\" id=\"\"><div class=\"vfb-has-error\" id=\"vfb-recaptcha-error\"><span class=\"vfb-help-block\">reCAPTCHA is required.<\/span><\/div><\/div><\/div><\/div><div class=\"vfb-clearfix\"><\/div><div class=\"vfb-col-12 vfb-fieldType-submit\" id=\"vfbField11\"><button id=\"vfb-field-11\" class=\" btn btn-primary\" placeholder=\"\" type=\"submit\" name=\"_vfb-submit\">Invia la richiesta<\/button><\/div><div class=\"vfb-clearfix\"><\/div><div class=\"vfb-col-12 vfb-fieldType-text\" id=\"vfbField37\"><div class=\"vfb-form-group\"><label for=\"vfb-field-37\" class=\"vfb-control-label\"><\/label><div><input id=\"vfb-field-37\" class=\"vfb-form-control utm_source hidden\" placeholder=\"\" type=\"text\" name=\"vfb-field-37\" value=\"\"><\/div><\/div><\/div><div class=\"vfb-clearfix\"><\/div><div class=\"vfb-col-12 vfb-fieldType-text\" id=\"vfbField38\"><div class=\"vfb-form-group\"><label for=\"vfb-field-38\" class=\"vfb-control-label\"><\/label><div><input id=\"vfb-field-38\" class=\"vfb-form-control utm_medium hidden\" placeholder=\"\" type=\"text\" name=\"vfb-field-38\" value=\"\"><\/div><\/div><\/div><div class=\"vfb-clearfix\"><\/div><div class=\"vfb-col-12 vfb-fieldType-text\" id=\"vfbField39\"><div class=\"vfb-form-group\"><label for=\"vfb-field-39\" class=\"vfb-control-label\"><\/label><div><input id=\"vfb-field-39\" class=\"vfb-form-control utm_campaign hidden\" placeholder=\"\" type=\"text\" name=\"vfb-field-39\" value=\"\"><\/div><\/div><\/div><div class=\"vfb-clearfix\"><\/div><div class=\"vfb-col-12 vfb-fieldType-text\" id=\"vfbField40\"><div class=\"vfb-form-group\"><label for=\"vfb-field-40\" class=\"vfb-control-label\"><\/label><div><input id=\"vfb-field-40\" class=\"vfb-form-control utm_term hidden\" placeholder=\"\" type=\"text\" name=\"vfb-field-40\" value=\"\"><\/div><\/div><\/div><div class=\"vfb-clearfix\"><\/div><\/form>\n[\/vc_column_text][\/vc_column_inner][\/vc_row_inner][\/vc_column][vc_column width=&#8221;1\/6&#8243;][\/vc_column][\/vc_row][vc_column_inner width=&#8221;1\/5&#8243;][vc_column_text][\/vc_column_text][\/vc_column_inner]\n","protected":false},"excerpt":{"rendered":"<p>[vc_row equal_height=&#8221;yes&#8221;][vc_column][vc_row_inner equal_height=&#8221;yes&#8221; content_placement=&#8221;middle&#8221;][vc_column_inner el_class=&#8221;py-lg-2 px-lg-5 text-left&#8221; width=&#8221;1\/2&#8243;][vc_column_text] Piazza Legno Il settore espositivo dedicato al costruire in legno [\/vc_column_text][vc_column_text]Tra le novit\u00e0 di SAIE Bologna 2026, Piazza Legno \u00e8 l&#8217;area dedicata al crescente ruolo del legno nelle costruzioni, tra innovazione, sostenibilit\u00e0 e qualit\u00e0 progettuale. Un\u2019area che offre soluzioni concrete, dai materiali ai sistemi costruttivi, per nuove [&hellip;]<\/p>\n","protected":false},"author":33,"featured_media":18766,"parent":0,"menu_order":0,"comment_status":"closed","ping_status":"closed","template":"","meta":[],"acf":[],"aioseo_notices":[],"_links":{"self":[{"href":"https:\/\/www.saiebologna.it\/it\/wp-json\/wp\/v2\/pages\/30821"}],"collection":[{"href":"https:\/\/www.saiebologna.it\/it\/wp-json\/wp\/v2\/pages"}],"about":[{"href":"https:\/\/www.saiebologna.it\/it\/wp-json\/wp\/v2\/types\/page"}],"author":[{"embeddable":true,"href":"https:\/\/www.saiebologna.it\/it\/wp-json\/wp\/v2\/users\/33"}],"replies":[{"embeddable":true,"href":"https:\/\/www.saiebologna.it\/it\/wp-json\/wp\/v2\/comments?post=30821"}],"version-history":[{"count":3,"href":"https:\/\/www.saiebologna.it\/it\/wp-json\/wp\/v2\/pages\/30821\/revisions"}],"predecessor-version":[{"id":30843,"href":"https:\/\/www.saiebologna.it\/it\/wp-json\/wp\/v2\/pages\/30821\/revisions\/30843"}],"wp:featuredmedia":[{"embeddable":true,"href":"https:\/\/www.saiebologna.it\/it\/wp-json\/wp\/v2\/media\/18766"}],"wp:attachment":[{"href":"https:\/\/www.saiebologna.it\/it\/wp-json\/wp\/v2\/media?parent=30821"}],"curies":[{"name":"wp","href":"https:\/\/api.w.org\/{rel}","templated":true}]}}