{"id":3528,"date":"2018-10-10T16:15:47","date_gmt":"2018-10-10T16:15:47","guid":{"rendered":"https:\/\/www.saiebologna.it\/?page_id=3528"},"modified":"2018-10-24T10:32:47","modified_gmt":"2018-10-24T10:32:47","slug":"dalla-sostenibilita-al-wellbeing","status":"publish","type":"page","link":"https:\/\/www.saiebologna.it\/it\/dalla-sostenibilita-al-wellbeing\/","title":{"rendered":"Dalla Sostenibilit\u00e0 al Wellbeing"},"content":{"rendered":"[vc_row equal_height=&#8221;yes&#8221; el_class=&#8221;my-1&#8243;][vc_column][vc_row_inner equal_height=&#8221;yes&#8221; content_placement=&#8221;top&#8221;][vc_column_inner el_class=&#8221;py-lg-2 px-lg-5&#8243; width=&#8221;2\/3&#8243;][vc_column_text]\n<h2>Il modello di riconversione firmata Cazzaro Costruzioni e Boeri Architetti di Ca\u2019 delle Alzaie a Treviso<\/h2>\n[\/vc_column_text][vc_empty_space][vc_column_text]Cosa vuol dire rispondere alle esigenze abitative contemporanee in una societ\u00e0 in continua trasformazione come la nostra, sapendo intercettare i bisogni e allo stesso tempo valorizzando le soluzioni costruttive, i materiali innovativi per realizzare un edificio sostenibile, confortevole e funzionale? <strong>Civilt\u00e0 di Cantiere<\/strong> intende portare all\u2019attenzione di tutti un caso che potrebbe diventare modello da seguire per intraprendere un nuovo percorso per il mondo delle costruzioni.<\/p>\n<p>Per raccontare questa esperienza Civilt\u00e0 di Cantiere ha scelto il <strong>SAIE di Bologna<\/strong>, manifestazione leader e punto di riferimento del settore della progettazione e costruzione edilizia. <strong>\u00a0Il 17 ottobre alle ore 15.30 presso la Piazza delle eccellenze del Centro Servizi della Fiera di Bologna <\/strong>si terr\u00e0 la presentazione del modello Ca\u2019 delle Alzaie. Un evento dal titolo emblematico: <strong><em>\u201cDalla sostenibilit\u00e0 al wellbeing\u201d<\/em><\/strong>, per raccontare un progetto come si narra una storia, analizzandone tutti gli elementi.<\/p>\n<p>Alfredo Martini di Civilt\u00e0 di Cantiere insieme a Mauro Cazzaro e Marco Giorgio, rispettivamente Presidente della <strong>Cazzaro Costruzioni e architetto dello Studio Boeri<\/strong> racconteranno l\u2019esperienza di rigenerazione e la progettazione di edifici residenziali innovativi sotto diversi punti di vista. <strong>Ca\u2019 delle Alzaie \u00e8 una esperienza di rigenerazione urbana che, partendo da un sito industriale collocato sulle rive di un fiume ha voluto creare un\u2019oasi di pace in cui abitare coniugando contatto con la natura, massimo confort, sostenibilit\u00e0 e tecnologia avanzata<\/strong>, scegliendo alcune soluzioni eccellenti dal punto di vista prestazionale e progettuale.<\/p>\n<p>Un evento corale senza comparse, perch\u00e9 tutti qui sono protagonisti. Civilt\u00e0 di Cantiere seguir\u00e0 un percorso che tiene conto dei diversi punti di vista: dalla luce al suono, dalle tecniche ai materiali, da chi ha curato i pavimenti a chi si \u00e8 occupato degli infissi, dal riscaldamento alle piastrelle. <strong>Il percorso di una impresa veneta e di una filiera che mette a valore conoscenze, competenze, metodologia e tecnologie per la costruzione di un\u2019area residenziale che va oltre gli obiettivi della sostenibilit\u00e0 per garantire un benessere totale all\u2019interno e all\u2019esterno<\/strong> delle singole abitazioni. A testimonianza che costruire vuol dire avere costantemente al centro le esigenze e la salute psichica e fisica di chi vi andr\u00e0 a vivere.<\/p>\n<p>&nbsp;<\/p>\n<h5><span style=\"color: #ff6600\"><strong>SAVE THE DATE:\u00a0<\/strong><\/span><\/h5>\n<p><strong>Dalla Sostenibilit\u00e0 al Wellbeing<\/strong><\/p>\n<p><em>La casa del benessere nel progetto di rigenerazione di Ca\u2019 delle Alzaie a Treviso firmata Cazzaro Costruzioni e Boeri Architetti <\/em><\/p>\n<p><strong><em>il 17 ottobre nella Piazza delle eccellenze<\/em><br \/>\n<\/strong>[\/vc_column_text][vc_empty_space][vc_column_text]<em>Partner<\/em><\/p>\n<p><em> <img decoding=\"async\" loading=\"lazy\" class=\"alignnone wp-image-2082\" src=\"\/public\/uploads\/sites\/9\/dna-logo-def-01-300x291.png\" alt=\"\" width=\"193\" height=\"196\" \/>\u00a0<\/em><\/p>\n<p>&nbsp;<\/p>\n<p style=\"text-align: left\"><a class=\"btn btn-lg btn-primary my-1\" href=\"\/it\/contatti\">Richiedi informazioni<\/a><\/p>\n<hr \/>\n[\/vc_column_text][\/vc_column_inner][vc_column_inner el_class=&#8221;p-1 p-sm-3 p-lg-4 bg-darker&#8221; width=&#8221;1\/3&#8243;][vc_column_text]\n<h3 class=\"mt-0\">Menu<\/h3>\n[\/vc_column_text][vc_wp_custommenu nav_menu=&#8221;13&#8243;][\/vc_column_inner][\/vc_row_inner][\/vc_column][\/vc_row][vc_row equal_height=&#8221;yes&#8221; content_placement=&#8221;middle&#8221; el_class=&#8221;my-1 bg-gray&#8221;][vc_column el_class=&#8221;py-lg-2 px-lg-5&#8243;][vc_row_inner equal_height=&#8221;yes&#8221; content_placement=&#8221;middle&#8221;][vc_column_inner width=&#8221;3\/4&#8243;][\/vc_column_inner][vc_column_inner width=&#8221;1\/4&#8243;][\/vc_column_inner][\/vc_row_inner][\/vc_column][\/vc_row][vc_column el_class=&#8221;py-lg-2 px-lg-5&#8243;][\/vc_column][vc_column_inner width=&#8221;1\/4&#8243;][\/vc_column_inner][vc_column_inner width=&#8221;3\/4&#8243;][\/vc_column_inner]\n","protected":false},"excerpt":{"rendered":"<p>[vc_row equal_height=&#8221;yes&#8221; el_class=&#8221;my-1&#8243;][vc_column][vc_row_inner equal_height=&#8221;yes&#8221; content_placement=&#8221;top&#8221;][vc_column_inner el_class=&#8221;py-lg-2 px-lg-5&#8243; width=&#8221;2\/3&#8243;][vc_column_text] Il modello di riconversione firmata Cazzaro Costruzioni e Boeri Architetti di Ca\u2019 delle Alzaie a Treviso [\/vc_column_text][vc_empty_space][vc_column_text]Cosa vuol dire rispondere alle esigenze abitative contemporanee in una societ\u00e0 in continua trasformazione come la nostra, sapendo intercettare i bisogni e allo stesso tempo valorizzando le soluzioni costruttive, i materiali [&hellip;]<\/p>\n","protected":false},"author":12,"featured_media":1033,"parent":0,"menu_order":0,"comment_status":"closed","ping_status":"closed","template":"","meta":[],"acf":[],"aioseo_notices":[],"_links":{"self":[{"href":"https:\/\/www.saiebologna.it\/it\/wp-json\/wp\/v2\/pages\/3528"}],"collection":[{"href":"https:\/\/www.saiebologna.it\/it\/wp-json\/wp\/v2\/pages"}],"about":[{"href":"https:\/\/www.saiebologna.it\/it\/wp-json\/wp\/v2\/types\/page"}],"author":[{"embeddable":true,"href":"https:\/\/www.saiebologna.it\/it\/wp-json\/wp\/v2\/users\/12"}],"replies":[{"embeddable":true,"href":"https:\/\/www.saiebologna.it\/it\/wp-json\/wp\/v2\/comments?post=3528"}],"version-history":[{"count":4,"href":"https:\/\/www.saiebologna.it\/it\/wp-json\/wp\/v2\/pages\/3528\/revisions"}],"predecessor-version":[{"id":3887,"href":"https:\/\/www.saiebologna.it\/it\/wp-json\/wp\/v2\/pages\/3528\/revisions\/3887"}],"wp:featuredmedia":[{"embeddable":true,"href":"https:\/\/www.saiebologna.it\/it\/wp-json\/wp\/v2\/media\/1033"}],"wp:attachment":[{"href":"https:\/\/www.saiebologna.it\/it\/wp-json\/wp\/v2\/media?parent=3528"}],"curies":[{"name":"wp","href":"https:\/\/api.w.org\/{rel}","templated":true}]}}