{"id":6276,"date":"2020-02-20T14:26:47","date_gmt":"2020-02-20T14:26:47","guid":{"rendered":"https:\/\/www.saiebologna.it\/?page_id=6276"},"modified":"2022-08-24T09:30:01","modified_gmt":"2022-08-24T09:30:01","slug":"piazza-impianti-e-salubrita","status":"publish","type":"page","link":"https:\/\/www.saiebologna.it\/it\/piazza-impianti-e-salubrita\/","title":{"rendered":"Piazza Impianti e Salubrit\u00e0"},"content":{"rendered":"[vc_row equal_height=&#8221;yes&#8221; el_class=&#8221;my-1&#8243;][vc_column][vc_row_inner equal_height=&#8221;yes&#8221; content_placement=&#8221;top&#8221;][vc_column_inner el_class=&#8221;py-lg-2 px-lg-5&#8243; width=&#8221;2\/3&#8243;][vc_column_text]\n<h2>Impianti per edifici salutari, confortevoli, efficienti e sostenibili<\/h2>\n[\/vc_column_text][vc_column_text]La <strong>Piazza Impianti e Salubrit\u00e0<\/strong> \u00e8 la nuova iniziativa di SAIE dedicata alle aziende di impianti che desiderano mostrare prodotti e soluzioni di eccellenza per la <strong>salubrit\u00e0<\/strong> e il <strong>comfort<\/strong> degli edifici: sistemi in grado di garantire un microclima interno ottimale, una buona qualit\u00e0 dell\u2019aria e dell\u2019acqua; soluzioni per un corretto ricambio dell\u2019aria e la riduzione di umidit\u00e0 e CO2; prodotti silenziosi ed efficienti.<\/p>\n<p>Le direttive UE stanno cambiando lo scenario dell\u2019edilizia e dell\u2019impiantistica. Involucri edilizi pi\u00f9 isolati, limiti di rumorosit\u00e0 pi\u00f9 stringenti, maggiore attenzione a tipologia e qualit\u00e0 dei refrigeranti sono le nuove sfide di costruttori e progettisti.\u00a0Vivere in un ambiente sano all\u2019interno di case, uffici e scuole \u00e8 uno dei desideri principali delle persone.<\/p>\n<p>Per <strong>migliorare la qualit\u00e0 della vita<\/strong> negli spazi chiusi \u00e8 necessario dedicare grande attenzione a questi aspetti in fase di progettazione, costruzione e gestione dell\u2019edificio adottando soluzioni impiantistiche idonee.\u00a0Per rispondere a queste richieste del mercato, fatto di persone sempre pi\u00f9 informate e attente, <strong>progettisti, impiantisti e installatori<\/strong> sono alla ricerca di <strong>soluzioni moderne e integrabili<\/strong>, esemplificate in pratici casi d\u2019uso.[\/vc_column_text][vc_column_text]<a class=\"btn btn-lg btn-primary my-2\" href=\"\/it\/contatti\/\">Richiedi informazioni<\/a> <a class=\"btn btn-lg btn-primary my-0\" href=\"\/it\/accredito\/\">Scarica biglietto omaggio<\/a>[\/vc_column_text][\/vc_column_inner][vc_column_inner el_class=&#8221;p-1 p-sm-3 p-lg-4 bg-darker&#8221; width=&#8221;1\/3&#8243; offset=&#8221;vc_hidden-xs&#8221;][vc_wp_custommenu nav_menu=&#8221;13&#8243;][\/vc_column_inner][\/vc_row_inner][\/vc_column][\/vc_row][vc_row equal_height=&#8221;yes&#8221; content_placement=&#8221;middle&#8221; el_class=&#8221;my-1 bg-gray&#8221;][vc_column][vc_row_inner equal_height=&#8221;yes&#8221; content_placement=&#8221;top&#8221;][vc_column_inner el_class=&#8221;col-img&#8221; width=&#8221;1\/3&#8243; css=&#8221;.vc_custom_1647613672070{background-image: url(\/public\/uploads\/sites\/9\/AdobeStock_340513290-scaled.jpeg?id=13189) !important;background-position: center !important;background-repeat: no-repeat !important;background-size: cover !important;}&#8221;][\/vc_column_inner][vc_column_inner el_class=&#8221;py-lg-2 px-lg-5&#8243; width=&#8221;2\/3&#8243;][vc_column_text]\n<h3>La Piazza Impianti e Salubrit\u00e0 di SAIE, una nuova formula di dimostrazione interattiva:<\/h3>\n<ul>\n<li><strong>Area espositiva dedicata<\/strong>\u00a0consentir\u00e0 ai professionisti in visita di interpretare e valutare le nuove tendenze del mercato.<\/li>\n<li><strong>Workshop e speech all&#8217;interno della Piazza<\/strong> per raccontare prodotti e case history di progetti di successo.<\/li>\n<li><strong>Presentazioni di prodotti innovativi\u00a0<\/strong>attraverso totem descrittivi delle tecnologie e plastici di progetti.<\/li>\n<\/ul>\n<p>Gli attori della filiera potranno conoscere le ultime evoluzioni e le prossime tendenze, individuando rinnovate e concrete opportunit\u00e0 professionali e imprenditoriali.[\/vc_column_text][vc_column_text]<a class=\"btn btn-lg btn-primary my-2\" href=\"\/it\/contatti\/\">Richiedi informazioni<\/a> <a class=\"btn btn-lg btn-primary my-0\" href=\"\/it\/accredito\/\">Scarica biglietto omaggio<\/a>[\/vc_column_text][\/vc_column_inner][\/vc_row_inner][\/vc_column][\/vc_row][vc_row equal_height=&#8221;yes&#8221; content_placement=&#8221;middle&#8221; el_class=&#8221;my-1 bg-gray&#8221;][vc_column][vc_row_inner equal_height=&#8221;yes&#8221; content_placement=&#8221;top&#8221;][vc_column_inner el_class=&#8221;py-lg-2 px-lg-5&#8243; width=&#8221;2\/3&#8243;][vc_column_text el_class=&#8221;py-lg-2 px-lg-5 px-1&#8243;]\n<h3>Prodotti in esposizione:<\/h3>\n<p>Sistemi di Ventilazione Meccanica Controllata \/ Climatizzatori \/ Pompe di calore \/ Sistemi per aspirazione odori \/ Sistemi di regolazione della temperatura \/ Sistemi controllo calcare \/ Scarichi insonorizzati \/ Trattamento acqua \/ Miscelatori termostatici \/ Impianti radianti \/ Sistemi smart gestione impianti[\/vc_column_text][vc_separator color=&#8221;orange&#8221;][vc_column_text el_class=&#8221;py-lg-2 px-lg-5 px-1&#8243;]\n<h3>Tipologia visitatori coinvolti:<\/h3>\n<p>Imprese Edili \/ Direttori Lavori \/ Impiantisti \/ Progettisti \/ Tecnici specializzati \/ Ingegneri \/ Geometri \/ Installatori \/ Manutentori \/ Energy Manager \/ Certificatori energetici \/ Pubbliche Amministrazioni \/ Amministratori di condominio \/ Distributori \/ Grossisti[\/vc_column_text][vc_separator color=&#8221;orange&#8221;][vc_column_text el_class=&#8221;py-lg-2 px-lg-5 px-1&#8243;]\n<h3>Tematiche:<\/h3>\n<p>Qualit\u00e0 aria \/ Edilizia green \/ Controllo e manutenzione \/ Acustica \/ Comfort e risparmio energetico \/ Materiali Ecosostenibili \/ Illuminazione \/<br \/>\nSalubrit\u00e0 nelle fasi costruttive[\/vc_column_text][vc_column_text]<a class=\"btn btn-lg btn-primary my-2\" href=\"\/it\/contatti\/\">Richiedi informazioni<\/a> <a class=\"btn btn-lg btn-primary my-0\" href=\"\/it\/accredito\/\">Scarica biglietto omaggio<\/a>[\/vc_column_text][\/vc_column_inner][vc_column_inner el_class=&#8221;col-img&#8221; width=&#8221;1\/3&#8243; css=&#8221;.vc_custom_1637231392560{background-image: url(\/public\/uploads\/sites\/9\/Impianti_Salubri.jpg?id=11901) !important;background-position: center !important;background-repeat: no-repeat !important;background-size: cover !important;}&#8221;][\/vc_column_inner][\/vc_row_inner][\/vc_column][\/vc_row][vc_row el_class=&#8221;my-1&#8243;][vc_column][vc_row_inner][vc_column_inner el_class=&#8221;py-lg-2 px-lg-5&#8243;][vc_separator color=&#8221;orange&#8221;][vc_column_text]\n<p style=\"text-align: right\"><em>Media Partner<\/em><\/p>\n<p><img decoding=\"async\" loading=\"lazy\" class=\"wp-image-6277 alignright\" src=\"\/public\/uploads\/sites\/9\/Riviste-Impianti.png\" alt=\"\" width=\"290\" height=\"364\" srcset=\"\/public\/uploads\/sites\/9\/Riviste-Impianti.png 780w, \/public\/uploads\/sites\/9\/Riviste-Impianti-239x300.png 239w, \/public\/uploads\/sites\/9\/Riviste-Impianti-768x965.png 768w\" sizes=\"(max-width: 290px) 100vw, 290px\" \/>[\/vc_column_text][\/vc_column_inner][\/vc_row_inner][\/vc_column][\/vc_row]\n","protected":false},"excerpt":{"rendered":"<p>[vc_row equal_height=&#8221;yes&#8221; el_class=&#8221;my-1&#8243;][vc_column][vc_row_inner equal_height=&#8221;yes&#8221; content_placement=&#8221;top&#8221;][vc_column_inner el_class=&#8221;py-lg-2 px-lg-5&#8243; width=&#8221;2\/3&#8243;][vc_column_text] Impianti per edifici salutari, confortevoli, efficienti e sostenibili [\/vc_column_text][vc_column_text]La Piazza Impianti e Salubrit\u00e0 \u00e8 la nuova iniziativa di SAIE dedicata alle aziende di impianti che desiderano mostrare prodotti e soluzioni di eccellenza per la salubrit\u00e0 e il comfort degli edifici: sistemi in grado di garantire un microclima [&hellip;]<\/p>\n","protected":false},"author":12,"featured_media":6316,"parent":0,"menu_order":0,"comment_status":"closed","ping_status":"closed","template":"","meta":[],"acf":[],"aioseo_notices":[],"_links":{"self":[{"href":"https:\/\/www.saiebologna.it\/it\/wp-json\/wp\/v2\/pages\/6276"}],"collection":[{"href":"https:\/\/www.saiebologna.it\/it\/wp-json\/wp\/v2\/pages"}],"about":[{"href":"https:\/\/www.saiebologna.it\/it\/wp-json\/wp\/v2\/types\/page"}],"author":[{"embeddable":true,"href":"https:\/\/www.saiebologna.it\/it\/wp-json\/wp\/v2\/users\/12"}],"replies":[{"embeddable":true,"href":"https:\/\/www.saiebologna.it\/it\/wp-json\/wp\/v2\/comments?post=6276"}],"version-history":[{"count":2,"href":"https:\/\/www.saiebologna.it\/it\/wp-json\/wp\/v2\/pages\/6276\/revisions"}],"predecessor-version":[{"id":15825,"href":"https:\/\/www.saiebologna.it\/it\/wp-json\/wp\/v2\/pages\/6276\/revisions\/15825"}],"wp:featuredmedia":[{"embeddable":true,"href":"https:\/\/www.saiebologna.it\/it\/wp-json\/wp\/v2\/media\/6316"}],"wp:attachment":[{"href":"https:\/\/www.saiebologna.it\/it\/wp-json\/wp\/v2\/media?parent=6276"}],"curies":[{"name":"wp","href":"https:\/\/api.w.org\/{rel}","templated":true}]}}