{"id":68,"date":"2018-03-23T11:08:00","date_gmt":"2018-03-23T11:08:00","guid":{"rendered":"https:\/\/www.saiebologna.it\/?page_id=68"},"modified":"2026-02-02T10:54:57","modified_gmt":"2026-02-02T10:54:57","slug":"perche-esporre","status":"publish","type":"page","link":"https:\/\/www.saiebologna.it\/it\/perche-esporre\/","title":{"rendered":"Perch\u00e9 esporre"},"content":{"rendered":"[vc_row equal_height=&#8221;yes&#8221; el_class=&#8221;my-1&#8243;][vc_column][vc_row_inner equal_height=&#8221;yes&#8221; content_placement=&#8221;top&#8221;][vc_column_inner el_class=&#8221;py-lg-2 px-lg-5&#8243; width=&#8221;2\/3&#8243;][vc_column_text]\n<h2><strong>Perch\u00e8 SAIE \u00e8 un nuovo SAIE<\/strong><\/h2>\n[\/vc_column_text][vc_column_text]Negli anni Sessanta, a Bologna nasce <strong>SAIE<\/strong>: nell\u2019Italia del boom economico il grande sviluppo delle costruzioni e delle infrastrutture trova il suo luogo elettivo in un progetto lungimirante e visionario che assume da subito un ruolo essenziale per lo sviluppo del Paese.<\/p>\n<p>Nel 2018, Senaf, si impegna con Bologna Fiere per il rilancio di SAIE: inizia un nuovo percorso per la manifestazione che, come testimoniano le ultime edizioni di successo, \u00e8 tornata ad essere riconosciuta dal mercato come la <strong>fiera di riferimento per l\u2019intero sistema delle costruzioni,<\/strong> \u00a0un <strong>acceleratore di sviluppo per il mercato <\/strong>e per la community formata da<strong> oltre 311.838 operatori professionali<\/strong>.<\/p>\n<p><strong>SAIE \u00e8 quindi una fiera nuova<\/strong> che non dimentica il passato e guarda al futuro gi\u00e0 oggi presente: il luogo in cui la community delle costruzioni trova ispirazione valutando le pi\u00f9 recenti novit\u00e0 proposte dalle aziende che hanno capito l\u2019importanza di essere presenti come espositori.[\/vc_column_text][vc_column_text el_class=&#8221;text-center&#8221;]\n<p style=\"text-align: left\"><a class=\"btn btn-lg btn-primary my-0\" href=\"\/it\/contatti\/\">Richiedi informazioni<\/a> <a class=\"btn btn-lg my-0\" href=\"https:\/\/www.saiebologna.it\/public\/uploads\/sites\/9\/Depliant_SAIE_Bologna_2026.pdf\" target=\"_blank\" rel=\"noopener\">Scarica la brochure<\/a><\/p>\n[\/vc_column_text][\/vc_column_inner][vc_column_inner el_class=&#8221;p-1 p-sm-3 p-lg-4 bg-darker&#8221; width=&#8221;1\/3&#8243; offset=&#8221;vc_hidden-sm vc_hidden-xs&#8221;][vc_column_text]\n<h3 class=\"mt-0\">Espositori<\/h3>\n[\/vc_column_text][vc_wp_custommenu nav_menu=&#8221;5&#8243;][\/vc_column_inner][\/vc_row_inner][\/vc_column][\/vc_row][vc_row equal_height=&#8221;yes&#8221; el_class=&#8221;my-1&#8243; el_id=&#8221;Video&#8221;][vc_column][vc_separator color=&#8221;custom&#8221; accent_color=&#8221;#f7b71f&#8221; el_id=&#8221;VideoSAIE&#8221;][vc_row_inner equal_height=&#8221;yes&#8221; content_placement=&#8221;top&#8221;][vc_column_inner el_class=&#8221;py-lg-2 px-lg-5 bg-gray&#8221; width=&#8221;1\/2&#8243;][vc_video link=&#8221;https:\/\/youtu.be\/K2qqzHMKXps?si=EqM0YZSzqUnAE4is&#8221; el_width=&#8221;80&#8243; align=&#8221;center&#8221;][vc_separator][vc_column_text css_animation=&#8221;none&#8221;]<em>Guarda il video racconto dell\u2019ultima entusiasmante edizione di SAIE<\/em><em>. Successo ottenuto insieme agli espositori, alle associazioni e ai partner che hanno sostenuto il progetto e ai tanti professionisti in visita.<\/em>[\/vc_column_text][\/vc_column_inner][vc_column_inner el_class=&#8221;py-lg-2 px-lg-5&#8243; width=&#8221;1\/2&#8243;][vc_empty_space height=&#8221;64px&#8221;][vc_column_text css_animation=&#8221;fadeInLeft&#8221;]\n<h3>Gli espositori di SAIE potranno:<\/h3>\n[\/vc_column_text][vc_column_text css_animation=&#8221;fadeInLeft&#8221;]<strong>1. Definire nuovi rapporti commerciali<\/strong>[\/vc_column_text][vc_column_text css_animation=&#8221;fadeInLeft&#8221;]<strong>2. Verificare l\u2019interesse per prodotti e servizi<\/strong>[\/vc_column_text][vc_column_text css_animation=&#8221;fadeInLeft&#8221;]<strong>3. Sviluppare canali di vendita e distribuzione<\/strong>[\/vc_column_text][vc_column_text css_animation=&#8221;fadeInLeft&#8221;]<strong>4. C<\/strong><strong>onsolidare l\u2019immagine aziendale<\/strong>[\/vc_column_text][vc_column_text css_animation=&#8221;fadeInLeft&#8221;]<strong>5. Presentare soluzioni concrete e idee orientate al futuro per affrontare le nuove\u00a0 sfide del mercato<\/strong>[\/vc_column_text][vc_column_text el_class=&#8221;text-center&#8221;]\n<p style=\"text-align: left\"><a class=\"btn btn-lg btn-primary my-0\" href=\"\/it\/contatti\/\">Richiedi informazioni<\/a><\/p>\n[\/vc_column_text][\/vc_column_inner][\/vc_row_inner][vc_empty_space height=&#8221;64px&#8221;][\/vc_column][\/vc_row][vc_row disable_element=&#8221;yes&#8221; el_id=&#8221;invervisteBOLOGNA&#8221;][vc_column][vc_text_separator title=&#8221;Interviste espositori SAIE Bologna 2022&#8243; el_class=&#8221;my-1&#8243;][vc_row_inner][vc_column_inner width=&#8221;1\/4&#8243;][vc_video link=&#8221;https:\/\/youtu.be\/zHiFIvsZOIE&#8221; align=&#8221;center&#8221; css_animation=&#8221;fadeIn&#8221;][vc_column_text]\n<p style=\"text-align: center\"><strong>Antonio Cianciulli \u2013 ACCA SOFTWARE<\/strong><\/p>\n[\/vc_column_text][\/vc_column_inner][vc_column_inner width=&#8221;1\/4&#8243;][vc_video link=&#8221;https:\/\/youtu.be\/OvlwqQ3iGh0&#8243; align=&#8221;center&#8221; css_animation=&#8221;fadeIn&#8221;][vc_column_text]\n<p style=\"text-align: center\"><strong>Riccardo Ciciriello \u2013 BLUMATICA<\/strong><\/p>\n[\/vc_column_text][\/vc_column_inner][vc_column_inner width=&#8221;1\/4&#8243;][vc_video link=&#8221;https:\/\/youtu.be\/CmqTtXdmUow&#8221; align=&#8221;center&#8221; css_animation=&#8221;fadeIn&#8221;][vc_column_text]\n<p style=\"text-align: center\"><strong>Alberto Rossi \u2013 GEZE Italia<\/strong><\/p>\n[\/vc_column_text][\/vc_column_inner][vc_column_inner width=&#8221;1\/4&#8243;][vc_video link=&#8221;https:\/\/youtu.be\/PtXKxMD9irs&#8221; align=&#8221;center&#8221; css_animation=&#8221;fadeIn&#8221;][vc_column_text]\n<p style=\"text-align: center\"><strong>Alessandra Tovo \u2013 HILTI Italia<\/strong><\/p>\n[\/vc_column_text][\/vc_column_inner][\/vc_row_inner][vc_row_inner][vc_column_inner width=&#8221;1\/4&#8243;][vc_video link=&#8221;https:\/\/youtu.be\/8xmb10Uk_0Q&#8221; align=&#8221;center&#8221; css_animation=&#8221;fadeIn&#8221;][vc_column_text]\n<p style=\"text-align: center\"><strong>Roberto Callieri \u2013 ITALCEMENTI<\/strong><\/p>\n[\/vc_column_text][\/vc_column_inner][vc_column_inner width=&#8221;1\/4&#8243;][vc_video link=&#8221;https:\/\/youtu.be\/TCFHjGuNHl4&#8243; align=&#8221;center&#8221; css_animation=&#8221;fadeIn&#8221;][vc_column_text]\n<p style=\"text-align: center\"><strong>Giorgio Barsacchi \u2013 LEICA<\/strong><\/p>\n[\/vc_column_text][\/vc_column_inner][vc_column_inner width=&#8221;1\/4&#8243;][vc_video link=&#8221;https:\/\/youtu.be\/EPqt686ae-g&#8221; align=&#8221;center&#8221; css_animation=&#8221;fadeIn&#8221;][vc_column_text]\n<p style=\"text-align: center\"><strong>Giulio Morandini \u2013 MAPEI<\/strong><\/p>\n[\/vc_column_text][\/vc_column_inner][vc_column_inner width=&#8221;1\/4&#8243;][vc_video link=&#8221;https:\/\/youtu.be\/Z5ODbPJcwak&#8221; align=&#8221;center&#8221; css_animation=&#8221;fadeIn&#8221;][vc_column_text]\n<p style=\"text-align: center\"><strong>Gianluca Musio \u2013 SAMSUNG<\/strong><\/p>\n[\/vc_column_text][\/vc_column_inner][\/vc_row_inner][\/vc_column][\/vc_row][vc_row disable_element=&#8221;yes&#8221; el_id=&#8221;invervisteBARI&#8221;][vc_column][vc_text_separator title=&#8221;Interviste espositori SAIE Bari 2023&#8243; el_class=&#8221;my-1&#8243;][vc_row_inner][vc_column_inner width=&#8221;1\/4&#8243;][vc_video link=&#8221;https:\/\/youtu.be\/w1MupAuXamY?si=GC4NwEybABjXKq4F&#8221; align=&#8221;center&#8221; css_animation=&#8221;fadeIn&#8221;][vc_column_text]\n<p style=\"text-align: center\"><strong> Tommaso Altobello \u2013 COSMOGAS<\/strong><\/p>\n[\/vc_column_text][\/vc_column_inner][vc_column_inner width=&#8221;1\/4&#8243;][vc_video link=&#8221;https:\/\/youtu.be\/Skb6MvyHdwY?si=WWiccejhgWnaTIDF&#8221; align=&#8221;center&#8221; css_animation=&#8221;fadeIn&#8221;][vc_column_text]\n<p style=\"text-align: center\"><strong> Lorenzo Tedeschi \u2013 CAPAROL<\/strong><\/p>\n[\/vc_column_text][\/vc_column_inner][vc_column_inner width=&#8221;1\/4&#8243;][vc_video link=&#8221;https:\/\/youtu.be\/zJ_dzeqYK9g?si=dr2vl2FiDly7Q-05&#8243; align=&#8221;center&#8221; css_animation=&#8221;fadeIn&#8221;][vc_column_text]\n<p style=\"text-align: center\"><strong>Andrea Agostinelli \u2013 OMNIA Solar<\/strong><\/p>\n[\/vc_column_text][\/vc_column_inner][vc_column_inner width=&#8221;1\/4&#8243;][vc_video link=&#8221;https:\/\/youtu.be\/dmhO8OTa6qg?si=NHiFcagSPA8UYZk-&#8221; align=&#8221;center&#8221; css_animation=&#8221;fadeIn&#8221;][vc_column_text]\n<p style=\"text-align: center\"><strong>Alberto Parpajola \u2013 LATERLITE<\/strong><\/p>\n[\/vc_column_text][\/vc_column_inner][\/vc_row_inner][vc_row_inner][vc_column_inner width=&#8221;1\/4&#8243;][vc_video link=&#8221;https:\/\/youtu.be\/npQnE4jn2QE?si=xrcDe9OWgMkamW-W&#8221; align=&#8221;center&#8221; css_animation=&#8221;fadeIn&#8221;][vc_column_text]\n<p style=\"text-align: center\"><strong>Dimitri Romani \u2013 MV LINE<\/strong><\/p>\n[\/vc_column_text][\/vc_column_inner][vc_column_inner width=&#8221;1\/4&#8243;][vc_video link=&#8221;https:\/\/youtu.be\/Zui-RrDyUeA?si=J-cLhtoLKhu4WNUz&#8221; align=&#8221;center&#8221; css_animation=&#8221;fadeIn&#8221;][vc_column_text]\n<p style=\"text-align: center\"><strong>Elena Banfi \u2013 SIKA<\/strong><\/p>\n[\/vc_column_text][\/vc_column_inner][vc_column_inner width=&#8221;1\/4&#8243;][vc_video link=&#8221;https:\/\/youtu.be\/J5oWwhG0xBU?si=iUi23nPkz-9qPwoE&#8221; align=&#8221;center&#8221; css_animation=&#8221;fadeIn&#8221;][vc_column_text]\n<p style=\"text-align: center\"><strong>Valentino Varriale \u2013 TECFI<\/strong><\/p>\n[\/vc_column_text][\/vc_column_inner][vc_column_inner width=&#8221;1\/4&#8243;][vc_video link=&#8221;https:\/\/youtu.be\/-6qv34hwJDo?si=nAkvBPI2NvwFO5vo&#8221; align=&#8221;center&#8221; css_animation=&#8221;fadeIn&#8221;][vc_column_text]\n<p style=\"text-align: center\"><strong>Antonella MelonI \u2013 XELLA ITALIA<\/strong><\/p>\n[\/vc_column_text][\/vc_column_inner][\/vc_row_inner][\/vc_column][\/vc_row][vc_row equal_height=&#8221;yes&#8221; el_class=&#8221;my-1 bg-gray&#8221;][vc_column css=&#8221;.vc_custom_1521217825246{padding-top: 0px !important;}&#8221;][vc_row_inner equal_height=&#8221;yes&#8221; content_placement=&#8221;middle&#8221;][vc_column_inner el_class=&#8221;col-img&#8221; width=&#8221;1\/3&#8243; css=&#8221;.vc_custom_1701274617195{background-image: url(\/public\/uploads\/sites\/9\/Piazza_Serramenti_Bologna.jpg?id=18977) !important;background-position: center !important;background-repeat: no-repeat !important;background-size: cover !important;}&#8221;][\/vc_column_inner][vc_column_inner el_class=&#8221;py-lg-2 px-lg-5&#8243; width=&#8221;2\/3&#8243;][vc_column_text]\n<h2>I focus tematici<\/h2>\n<ul>\n<li>\n<h5>Manutenzione<\/h5>\n<\/li>\n<li>\n<h5>Rigenerazione<\/h5>\n<\/li>\n<li>\n<h5>Demolizione e ricostruzione<\/h5>\n<\/li>\n<li>\n<h5>Allestimento cantiere e sicurezza<\/h5>\n<\/li>\n<li>\n<h5>Rilievi topografici<\/h5>\n<\/li>\n<li>\n<h5>Costruzioni a secco<\/h5>\n<\/li>\n<li>\n<h5>Smart &amp; Digital Cities<\/h5>\n<\/li>\n<li>\n<h5>Consolidamento e bonifica<\/h5>\n<\/li>\n<li>\n<h5>Urbanizzazione e ambiente<\/h5>\n<\/li>\n<li>\n<h5>Smart Buildings e Social Housing<\/h5>\n<\/li>\n<\/ul>\n<ul>\n<li>\n<h5>Bonus Edilizi<\/h5>\n<\/li>\n<\/ul>\n<p><a class=\"btn btn-lg btn-primary my-0\" href=\"\/it\/contatti\/\">Richiedi informazioni<\/a> \u00a0<a class=\"btn btn-lg btn-primary my-1\" href=\"https:\/\/www.saiebologna.it\/it\/vantaggi-per-lespositore\/\">5 motivi per far parte di SAIE<\/a>[\/vc_column_text][\/vc_column_inner][\/vc_row_inner][\/vc_column][\/vc_row][vc_row equal_height=&#8221;yes&#8221; el_class=&#8221;my-1 bg-gray&#8221;][vc_column css=&#8221;.vc_custom_1521217825246{padding-top: 0px !important;}&#8221;][vc_row_inner equal_height=&#8221;yes&#8221; content_placement=&#8221;middle&#8221;][vc_column_inner el_class=&#8221;py-lg-2 px-lg-5&#8243;][vc_column_text]\n<h3 style=\"text-align: center\"><b>Innovativi caratteri distintivi:<\/b><\/h3>\n[\/vc_column_text][\/vc_column_inner][\/vc_row_inner][vc_row_inner equal_height=&#8221;yes&#8221; content_placement=&#8221;middle&#8221;][vc_column_inner el_class=&#8221;py-lg-2 px-lg-5&#8243; width=&#8221;1\/3&#8243;][vc_column_text]\n<p style=\"text-align: center\"><span style=\"color: #e94e2b\"><strong>Ritorno all&#8217;annualit\u00e0<br \/>\n<\/strong><\/span>e posizionamento alternato tra la sede storica di Bologna e quella di Bari per ampliare e dare continuit\u00e0 all&#8217;evento su tutto il territorio.[\/vc_column_text][\/vc_column_inner][vc_column_inner el_class=&#8221;py-lg-2 px-lg-5&#8243; width=&#8221;1\/3&#8243;][vc_column_text]\n<p style=\"text-align: center\"><span style=\"color: #ff6600\"><strong><span style=\"color: #e94e2b\">Focalizzazione<\/span><br \/>\n<\/strong><\/span>su Progettazione, Edilizia, Impianti, i principali temi per l&#8217;intera filiera edilizia per un&#8217;informazione e valutazione completa sul &#8220;costruito&#8221;.[\/vc_column_text][\/vc_column_inner][vc_column_inner el_class=&#8221;py-lg-2 px-lg-5&#8243; width=&#8221;1\/3&#8243;][vc_column_text]\n<p style=\"text-align: center\"><span style=\"color: #e94e2b\"><strong>Riposizionamento strategico verso il &#8220;cantiere&#8221;<\/strong><\/span><br \/>\ncon contenuti pensati per imprese, produttori, distribuzione, progettisti, applicatori, maestranze e installatori.[\/vc_column_text][\/vc_column_inner][\/vc_row_inner][vc_separator color=&#8221;orange&#8221;][vc_row_inner equal_height=&#8221;yes&#8221; content_placement=&#8221;middle&#8221;][vc_column_inner el_class=&#8221;py-lg-2 px-lg-5&#8243; width=&#8221;1\/3&#8243;][vc_column_text]\n<p style=\"text-align: center\"><span style=\"color: #e94e2b\"><strong>Format dinamico<\/strong><\/span><br \/>\nfatto di aree demo e attivit\u00e0 concentrate sull&#8217;innovazione dei prodotti e dei materiali, sulla digitalizzazione, con spunti sui pi\u00f9 recenti sviluppi del settore e sulle nuove tecniche costruttive.[\/vc_column_text][\/vc_column_inner][vc_column_inner el_class=&#8221;py-lg-2 px-lg-5&#8243; width=&#8221;1\/3&#8243;][vc_column_text]\n<p style=\"text-align: center\"><span style=\"color: #e94e2b\"><strong>Moderno raggruppamento di elementi identificativi<\/strong><\/span><br \/>\nper evidenziare i temi di maggiore interesse del mercato, rendendoli coerenti con le esigenze del progetto fieristico.[\/vc_column_text][\/vc_column_inner][vc_column_inner el_class=&#8221;py-lg-2 px-lg-5&#8243; width=&#8221;1\/3&#8243;][vc_column_text]\n<p style=\"text-align: center\"><span style=\"color: #e94e2b\"><strong>Efficace coinvolgimento delle Associazioni<\/strong><\/span><br \/>\nistituzionali e tecniche che partecipano con iniziative speciali e con il coinvolgimento dei propri associati[\/vc_column_text][\/vc_column_inner][\/vc_row_inner][vc_separator color=&#8221;orange&#8221;][\/vc_column][\/vc_row][vc_column width=&#8221;1\/2&#8243; el_class=&#8221;full-box&#8221;][\/vc_column]\n","protected":false},"excerpt":{"rendered":"<p>[vc_row equal_height=&#8221;yes&#8221; el_class=&#8221;my-1&#8243;][vc_column][vc_row_inner equal_height=&#8221;yes&#8221; content_placement=&#8221;top&#8221;][vc_column_inner el_class=&#8221;py-lg-2 px-lg-5&#8243; width=&#8221;2\/3&#8243;][vc_column_text] Perch\u00e8 SAIE \u00e8 un nuovo SAIE [\/vc_column_text][vc_column_text]Negli anni Sessanta, a Bologna nasce SAIE: nell\u2019Italia del boom economico il grande sviluppo delle costruzioni e delle infrastrutture trova il suo luogo elettivo in un progetto lungimirante e visionario che assume da subito un ruolo essenziale per lo sviluppo del [&hellip;]<\/p>\n","protected":false},"author":1,"featured_media":18766,"parent":0,"menu_order":0,"comment_status":"closed","ping_status":"closed","template":"","meta":[],"acf":[],"aioseo_notices":[],"_links":{"self":[{"href":"https:\/\/www.saiebologna.it\/it\/wp-json\/wp\/v2\/pages\/68"}],"collection":[{"href":"https:\/\/www.saiebologna.it\/it\/wp-json\/wp\/v2\/pages"}],"about":[{"href":"https:\/\/www.saiebologna.it\/it\/wp-json\/wp\/v2\/types\/page"}],"author":[{"embeddable":true,"href":"https:\/\/www.saiebologna.it\/it\/wp-json\/wp\/v2\/users\/1"}],"replies":[{"embeddable":true,"href":"https:\/\/www.saiebologna.it\/it\/wp-json\/wp\/v2\/comments?post=68"}],"version-history":[{"count":5,"href":"https:\/\/www.saiebologna.it\/it\/wp-json\/wp\/v2\/pages\/68\/revisions"}],"predecessor-version":[{"id":28819,"href":"https:\/\/www.saiebologna.it\/it\/wp-json\/wp\/v2\/pages\/68\/revisions\/28819"}],"wp:featuredmedia":[{"embeddable":true,"href":"https:\/\/www.saiebologna.it\/it\/wp-json\/wp\/v2\/media\/18766"}],"wp:attachment":[{"href":"https:\/\/www.saiebologna.it\/it\/wp-json\/wp\/v2\/media?parent=68"}],"curies":[{"name":"wp","href":"https:\/\/api.w.org\/{rel}","templated":true}]}}